{"id":1373,"date":"2021-08-02T12:22:45","date_gmt":"2021-08-02T12:22:45","guid":{"rendered":"https:\/\/www.houseofkata.com\/mission-vision\/"},"modified":"2021-08-02T12:28:45","modified_gmt":"2021-08-02T12:28:45","slug":"mission-vision","status":"publish","type":"page","link":"https:\/\/www.houseofkata.com\/de\/mission-vision\/","title":{"rendered":"Mission &amp; Vision"},"content":{"rendered":"<p>[et_pb_section fb_built=&#8220;1&#8243; _builder_version=&#8220;4.9.7&#8243; _module_preset=&#8220;default&#8220;][et_pb_row _builder_version=&#8220;4.9.7&#8243; _module_preset=&#8220;default&#8220;][et_pb_column type=&#8220;4_4&#8243; _builder_version=&#8220;4.9.7&#8243; _module_preset=&#8220;default&#8220;][et_pb_text _builder_version=&#8220;4.9.7&#8243; _module_preset=&#8220;default&#8220;]Als Experte auf dem Markt, h\u00f6ren wir auch auf die W\u00fcnsche der Konsumenten und dem Fachhandel, und entwickeln so neue und verbesserte Qualit\u00e4tsprodukte f\u00fcr das Teichhobby und im Besonderen f\u00fcr das Koihobby.<\/p>\n<p>Mit unseren sich auszeichnenden Produkten, unterst\u00fctzen und begleiten wir den Koihobbyisten bei der Ausf\u00fchrung seines Hobbys, wobei das Wohl der Fische zentral steht.<\/p>\n<p>Wir sind ein innovativer Konsument gerichteter Gro\u00dfhandel auf dem Markt von Koi und Teich relativierten Produkten. Unser dynamisches Unternehmen bietet eine komplettes Angebot an hochwertigen Produkten, ideal f\u00fcr alle Teichhobbyisten. Der Schwerpunkt unseres Sortiments liegt bei dem Halten von Nishikigoi. Unsere rezente Innovation ist besser bekannt unter den Namen Koibiosecurity, der Sammelname f\u00fcr das Kreieren und Erhalten einer gesunden Lebensumgebung f\u00fcr Koi.   <\/p>\n<p>\u201cHaben sie eine Frage auf dem Gebiet von Teichen und der Gesundheit von Fischen, dann fragen sie uns, wir haben auf alles eine Antwort\u201d.<\/p>\n<p>Unsere voranstrebende Haltung sorgt f\u00fcr einen durchgehenden \u201edrive\u201c um zu erneuern und zu entwickeln zu Gunsten des Wohles der Nishikigoi.[\/et_pb_text][\/et_pb_column][\/et_pb_row][\/et_pb_section]<\/p>\n","protected":false},"excerpt":{"rendered":"<p>[et_pb_section fb_built=&#8220;1&#8243; _builder_version=&#8220;4.9.7&#8243; _module_preset=&#8220;default&#8220;][et_pb_row _builder_version=&#8220;4.9.7&#8243; _module_preset=&#8220;default&#8220;][et_pb_column type=&#8220;4_4&#8243; _builder_version=&#8220;4.9.7&#8243; _module_preset=&#8220;default&#8220;][et_pb_text _builder_version=&#8220;4.9.7&#8243; _module_preset=&#8220;default&#8220;]Als Experte auf dem Markt, h\u00f6ren wir auch auf die W\u00fcnsche der Konsumenten und dem Fachhandel, und entwickeln so neue und verbesserte Qualit\u00e4tsprodukte f\u00fcr das Teichhobby und im Besonderen f\u00fcr das Koihobby. Mit unseren sich auszeichnenden Produkten, unterst\u00fctzen und begleiten wir den Koihobbyisten bei der [&hellip;]<\/p>\n","protected":false},"author":1,"featured_media":0,"parent":0,"menu_order":0,"comment_status":"closed","ping_status":"closed","template":"","meta":{"_et_pb_use_builder":"on","_et_pb_old_content":"","_et_gb_content_width":"","footnotes":""},"class_list":["post-1373","page","type-page","status-publish","hentry"],"_links":{"self":[{"href":"https:\/\/www.houseofkata.com\/de\/wp-json\/wp\/v2\/pages\/1373","targetHints":{"allow":["GET"]}}],"collection":[{"href":"https:\/\/www.houseofkata.com\/de\/wp-json\/wp\/v2\/pages"}],"about":[{"href":"https:\/\/www.houseofkata.com\/de\/wp-json\/wp\/v2\/types\/page"}],"author":[{"embeddable":true,"href":"https:\/\/www.houseofkata.com\/de\/wp-json\/wp\/v2\/users\/1"}],"replies":[{"embeddable":true,"href":"https:\/\/www.houseofkata.com\/de\/wp-json\/wp\/v2\/comments?post=1373"}],"version-history":[{"count":0,"href":"https:\/\/www.houseofkata.com\/de\/wp-json\/wp\/v2\/pages\/1373\/revisions"}],"wp:attachment":[{"href":"https:\/\/www.houseofkata.com\/de\/wp-json\/wp\/v2\/media?parent=1373"}],"curies":[{"name":"wp","href":"https:\/\/api.w.org\/{rel}","templated":true}]}}