{"id":1515,"date":"2021-08-02T14:06:54","date_gmt":"2021-08-02T14:06:54","guid":{"rendered":"https:\/\/www.houseofkata.com\/fischkrankheiten\/"},"modified":"2021-08-02T14:06:59","modified_gmt":"2021-08-02T14:06:59","slug":"fischkrankheiten","status":"publish","type":"page","link":"https:\/\/www.houseofkata.com\/de\/fischkrankheiten\/","title":{"rendered":"Fischkrankheiten"},"content":{"rendered":"<p>[et_pb_section fb_built=&#8220;1&#8243; admin_label=&#8220;section&#8220; _builder_version=&#8220;3.22&#8243;][et_pb_row admin_label=&#8220;row&#8220; _builder_version=&#8220;3.25&#8243; background_size=&#8220;initial&#8220; background_position=&#8220;top_left&#8220; background_repeat=&#8220;repeat&#8220;][et_pb_column type=&#8220;4_4&#8243; _builder_version=&#8220;3.25&#8243; custom_padding=&#8220;|||&#8220; custom_padding__hover=&#8220;|||&#8220;][et_pb_text admin_label=&#8220;Text&#8220; _builder_version=&#8220;4.9.7&#8243; background_size=&#8220;initial&#8220; background_position=&#8220;top_left&#8220; background_repeat=&#8220;repeat&#8220;]<\/p>\n<h3>Lernae<\/h3>\n<p>Ankerw\u00fcrmer sind einer der ber\u00fcchtigtsten Parasiten, die unsere Fische befallen k\u00f6nnen. Sie heften sich mit H\u00e4kchen an das Hautgewebe. Da sich der Ankerwurm in den Fisch bohrt, verursacht dieser Parasit auch eine Wunde, die zu einer zus\u00e4tzlichen Infektion durch Bakterien oder Pilze f\u00fchren kann.  <\/p>\n<h3>Blutegel<\/h3>\n<p>Der Egel, der am h\u00e4ufigsten als Parasit bei Koi auftritt, ist der Fischegel (Piscicola geometra). Dieser Blutegel ist von schlanker Gestalt und kann eine Gr\u00f6\u00dfe von etwa 5 cm erreichen. Sobald sich die Blutegel an den Koi festgesetzt haben, dringen sie in die Haut der Fische ein und saugen das Blut. Wenn ein Koi mit Blutegeln \u00fcbers\u00e4t ist, kann sich sein Gesundheitszustand schnell verschlechtern und es kann zu Blutarmut (An\u00e4mie) kommen. Au\u00dferdem k\u00f6nnen die Koi anf\u00e4lliger f\u00fcr viele andere Infektionen werden     <\/p>\n<h3>Die Fisch- oder Karpfenblattlaus (Argulus)<\/h3>\n<p>Es handelt sich um ein scheibenf\u00f6rmiges Krustentier, dessen ausgewachsene Exemplare einen Durchmesser von 10 mm erreichen k\u00f6nnen. Er ist ein weit verbreiteter Parasit. Sowohl die Larven als auch die erwachsenen Tiere haben einen Stachel mit Giftdr\u00fcsen zwischen den Augen. Sie durchbohren die Haut der Koi und saugen Blut als Nahrung. Es entstehen r\u00f6tliche Entz\u00fcndungen, die, wenn sie nicht behandelt werden, zu Sekund\u00e4rinfektionen f\u00fchren k\u00f6nnen. Fischl\u00e4use k\u00f6nnen so stark irritieren, dass Koi sich scheuern und sogar aus dem Wasser springen.     <\/p>\n<h3>Hautw\u00fcrmer (Gyrodactylus)<\/h3>\n<p>Gyrodactylus trematodes ist ein 0,3-0,5 mm gro\u00dfer Saugwurm, der lebendgeb\u00e4rend ist und sich extrem schnell vermehren kann. Der Hautwurm setzt seine Haken in den Fisch. Dies f\u00fchrt zu einer Reizung der Haut. Der Fisch produziert dann mehr Schleim, wodurch die Haut tr\u00fcb wird.   <\/p>\n<h3>Kiemenw\u00fcrmer (Dactylogyrus)<\/h3>\n<p>Der Kiemenflosser ist eierlegend. Es sch\u00e4digt die Kiemen, die sich verdicken und nicht mehr richtig funktionieren k\u00f6nnen. <\/p>\n<h3>Rund- oder Fadenw\u00fcrmer (Nematoden)<\/h3>\n<p>Die W\u00fcrmer verursachen sowohl im Larven- als auch im Erwachsenenstadium schwere Entz\u00fcndungen der inneren Organe. Infolgedessen ist ihre Funktion beeintr\u00e4chtigt. Zun\u00e4chst sind die Fische sehr abgemagert. Danach werden die Fische lethargisch, zeigen Anzeichen von Ersch\u00f6pfung und verlieren ihren Appetit.   <\/p>\n<h3>Wei\u00dfer Punkt<\/h3>\n<p>Die wohl bekannteste Krankheit wird durch einen Einzeller verursacht, der rundum mit Flimmerh\u00e4rchen ausgestattet ist. White Spot tritt am ehesten auf bei verminderter Widerstandskraft, Temperaturschwankungen, komplettem Filterwechsel, zu schnellem Auff\u00fcllen von kaltem Wasser, Infektion durch neuen Fischbestand, Umsetzen von Nishikigoi in einen Teich ohne biologisches Gleichgewicht. (ein nicht eingefahrenes Filtersystem). Schlechte Wasserqualit\u00e4t und vor allem Stress sind sehr wichtige Faktoren.   <\/p>\n<h3>Trichodina<\/h3>\n<p>Dieser Parasit befindet sich auf der Haut und den Kiemen. Er benutzt den Fisch als Transportmittel, wobei er sich an den Fisch heftet und die Schleimh\u00e4ute besch\u00e4digt. Verschmutztes Teichwasser ist auch ein guter Lebensraum f\u00fcr den Trichodina-Parasiten.  <\/p>\n<h3>Costia oder Hauterosion<\/h3>\n<p>Ein \u00e4u\u00dferer einzelliger Parasit. Im Falle einer Masseninfektion finden wir einige graue Flecken auf der Haut, die sp\u00e4ter zu roten Flecken werden und in einem weiteren Stadium blutige Wunden verursachen. In der Regel wird diese Wunde dann von einem Pilz bedeckt. Manchmal wird Costia auch auf den Kiemen beobachtet. Die Fischsterblichkeit kann bei dieser Krankheit hoch sein, da auch bakterielle Infektionen auftreten. Die Fische taumeln oder kratzen sich am Boden, und in einem weiteren Stadium beginnen sie, Gewicht zu verlieren. Die Fische werden unruhig und haben Atemnot, sie h\u00e4ngen an der Oberfl\u00e4che und schnappen nach Luft.      <\/p>\n<h3>Chilodonella<\/h3>\n<p>Ein einzelliger Parasit, der eine ovale Form hat. Im Falle einer Masseninfektion ist der Parasit t\u00f6dlich. Der Parasit ist am h\u00e4ufigsten auf den Kiemen zu finden. Die Ansteckung erfolgt durch unmittelbare \u00dcbertragung. Wenn Sie zu diesem Zeitpunkt einen schwachen Fisch haben, kann die Krankheit ausbrechen.    <\/p>\n<p>[\/et_pb_text][\/et_pb_column][\/et_pb_row][\/et_pb_section]<\/p>\n","protected":false},"excerpt":{"rendered":"<p>[et_pb_section fb_built=&#8220;1&#8243; admin_label=&#8220;section&#8220; _builder_version=&#8220;3.22&#8243;][et_pb_row admin_label=&#8220;row&#8220; _builder_version=&#8220;3.25&#8243; background_size=&#8220;initial&#8220; background_position=&#8220;top_left&#8220; background_repeat=&#8220;repeat&#8220;][et_pb_column type=&#8220;4_4&#8243; _builder_version=&#8220;3.25&#8243; custom_padding=&#8220;|||&#8220; custom_padding__hover=&#8220;|||&#8220;][et_pb_text admin_label=&#8220;Text&#8220; _builder_version=&#8220;4.9.7&#8243; background_size=&#8220;initial&#8220; background_position=&#8220;top_left&#8220; background_repeat=&#8220;repeat&#8220;] Lernae Ankerw\u00fcrmer sind einer der ber\u00fcchtigtsten Parasiten, die unsere Fische befallen k\u00f6nnen. Sie heften sich mit H\u00e4kchen an das Hautgewebe. Da sich der Ankerwurm in den Fisch bohrt, verursacht dieser Parasit auch eine Wunde, die zu einer [&hellip;]<\/p>\n","protected":false},"author":1,"featured_media":0,"parent":0,"menu_order":0,"comment_status":"closed","ping_status":"closed","template":"","meta":{"_et_pb_use_builder":"on","_et_pb_old_content":"","_et_gb_content_width":"","footnotes":""},"class_list":["post-1515","page","type-page","status-publish","hentry"],"_links":{"self":[{"href":"https:\/\/www.houseofkata.com\/de\/wp-json\/wp\/v2\/pages\/1515","targetHints":{"allow":["GET"]}}],"collection":[{"href":"https:\/\/www.houseofkata.com\/de\/wp-json\/wp\/v2\/pages"}],"about":[{"href":"https:\/\/www.houseofkata.com\/de\/wp-json\/wp\/v2\/types\/page"}],"author":[{"embeddable":true,"href":"https:\/\/www.houseofkata.com\/de\/wp-json\/wp\/v2\/users\/1"}],"replies":[{"embeddable":true,"href":"https:\/\/www.houseofkata.com\/de\/wp-json\/wp\/v2\/comments?post=1515"}],"version-history":[{"count":0,"href":"https:\/\/www.houseofkata.com\/de\/wp-json\/wp\/v2\/pages\/1515\/revisions"}],"wp:attachment":[{"href":"https:\/\/www.houseofkata.com\/de\/wp-json\/wp\/v2\/media?parent=1515"}],"curies":[{"name":"wp","href":"https:\/\/api.w.org\/{rel}","templated":true}]}}