{"id":1992,"date":"2021-08-09T10:30:38","date_gmt":"2021-08-09T10:30:38","guid":{"rendered":"https:\/\/www.houseofkata.com\/cookieverklaring\/"},"modified":"2021-08-09T10:45:31","modified_gmt":"2021-08-09T10:45:31","slug":"cookieverklaring","status":"publish","type":"page","link":"https:\/\/www.houseofkata.com\/de\/cookieverklaring\/","title":{"rendered":"Cookie-Erkl\u00e4rung"},"content":{"rendered":"<p>[et_pb_section fb_built=&#8220;1&#8243; _builder_version=&#8220;3.22&#8243;][et_pb_row _builder_version=&#8220;3.25&#8243; background_size=&#8220;initial&#8220; background_position=&#8220;top_left&#8220; background_repeat=&#8220;repeat&#8220;][et_pb_column type=&#8220;4_4&#8243; _builder_version=&#8220;3.25&#8243; custom_padding=&#8220;|||&#8220; custom_padding__hover=&#8220;|||&#8220;][et_pb_text _builder_version=&#8220;4.9.7&#8243; background_size=&#8220;initial&#8220; background_position=&#8220;top_left&#8220; background_repeat=&#8220;repeat&#8220; text_orientation=&#8220;left&#8220; hover_enabled=&#8220;0&#8243; sticky_enabled=&#8220;0&#8243;]<\/p>\n<h1>Cookie-Erkl\u00e4rung<\/h1>\n<p>.<\/p>\n<h3>1. Die Verwendung von Cookies<\/h3>\n<p>www.houseofkata.com setzt Cookies ein. Ein Cookie ist eine einfache kleine Datei, die mit Seiten dieser Website und\/oder Flash-Anwendungen gesendet und von Ihrem Browser auf der Festplatte Ihres Computers, Mobiltelefons, Ihrer Smartwatch oder Ihres Tablets gespeichert wird. Die darin gespeicherten Informationen k\u00f6nnen bei Ihrem n\u00e4chsten Besuch an unsere Server zur\u00fcckgesendet werden.<\/p>\n<p>Die Verwendung von Cookies ist f\u00fcr das reibungslose Funktionieren unserer Website sehr wichtig, aber auch Cookies, deren Wirkung nicht sofort sichtbar ist, sind sehr wichtig. Der (anonyme) Input der Besucher erm\u00f6glicht es uns, die Nutzung der Website zu verbessern und sie benutzerfreundlicher zu gestalten.<\/p>\n<h3>2. Zustimmung zur Verwendung von Cookies<\/h3>\n<p>F\u00fcr die Verwendung bestimmter Cookies ist Ihre Zustimmung erforderlich. Wir tun dies durch einen sogenannten Cookie-Banner.<\/p>\n<h3>3. Die Arten der verwendeten Cookies und ihre Zwecke<\/h3>\n<p>Wir verwenden die folgenden Arten von Cookies:<\/p>\n<ul>\n<li>Funktionale Cookies: Diese erm\u00f6glichen eine bessere Funktion der Website und sind benutzerfreundlicher f\u00fcr den Besucher. Wir speichern zum Beispiel Ihre Anmeldedaten oder was Sie in Ihren Warenkorb legen.<\/li>\n<li>Analytische Cookies: Diese sorgen daf\u00fcr, dass jedes Mal, wenn Sie eine Website besuchen, ein anonymes Cookie erzeugt wird. Diese Cookies wissen, ob Sie die Website schon einmal besucht haben oder nicht. Ein Cookie wird nur beim ersten Besuch generiert, bei sp\u00e4teren Besuchen wird das bestehende Cookie verwendet. Dieses Cookie wird nur zu statistischen Zwecken verwendet. Die folgenden Daten k\u00f6nnen damit erfasst werden:<br \/>\n&#8211; die Anzahl der einzelnen Besucher<br \/>\n&#8211; wie oft die Nutzer die Website besuchen<br \/>\n&#8211; welche Seiten die Nutzer aufrufen<br \/>\n&#8211; Wie lange Nutzer eine bestimmte Seite betrachten<br \/>\n&#8211; Mit welcher Seite die Besucher die Website verlassen<\/li>\n<li>Eigene Tracking-Cookies: Diese erm\u00f6glichen es uns zu wissen, dass Sie neben unserer Website auch die entsprechende(n) andere(n) Website(s) in unserem Netzwerk besucht haben. Das so erstellte Profil ist nicht mit Ihrem Namen, Ihrer Adresse, Ihrer E-Mail-Adresse usw. verkn\u00fcpft, sondern wird nur dazu verwendet, die Werbung auf Ihr Profil abzustimmen, damit sie f\u00fcr Sie so relevant wie m\u00f6glich ist. Wir bitten Sie um Ihre Zustimmung zu diesen Cookies. Ohne Ihre Zustimmung werden diese Cookies nicht gesetzt.<\/li>\n<li>Tracking-Cookies von anderen: Diese verfolgen, welche Seiten Sie im Internet besuchen, um Ihr pers\u00f6nliches Profil zu erstellen. Dieses Profil wird nicht mit Ihrem Namen, Ihrer Adresse, Ihrer E-Mail-Adresse und dergleichen, die uns bekannt sind, verkn\u00fcpft, sondern dient nur dazu, die Werbung auf Ihr Profil abzustimmen, damit sie f\u00fcr Sie so relevant wie m\u00f6glich ist. Wir bitten Sie um Ihre Zustimmung zu diesen Cookies. Ohne Ihre Zustimmung werden diese Cookies nicht gesetzt.<\/li>\n<li>Cookies f\u00fcr soziale Medien: Diese registrieren, welche Artikel und Seiten Sie \u00fcber die Schaltfl\u00e4chen f\u00fcr die Weitergabe in sozialen Medien, wie Facebook und LinkedIn, teilen. Sie k\u00f6nnen auch Tracking-Cookies enthalten, die Ihr Surfverhalten im Web verfolgen.<\/li>\n<li>Cookies zur Verbesserung der Website: Dies sind Cookies, die die Artikel und Seiten registrieren, die Sie \u00fcber die Schaltfl\u00e4chen f\u00fcr das Teilen in sozialen Medien teilen.<\/li>\n<li>Cookies zur Website-Verbesserung: Diese erm\u00f6glichen es uns, verschiedene Versionen einer Webseite zu testen, um zu sehen, welche am meisten besucht wird.<\/li>\n<h3>4. Ihre Rechte in Bezug auf Ihre Daten<\/h3>\n<p>Sie haben das Recht auf Zugang, Berichtigung, Einschr\u00e4nkung und L\u00f6schung personenbezogener Daten. Dar\u00fcber hinaus haben Sie das Recht, der Verarbeitung personenbezogener Daten zu widersprechen und das Recht auf Daten\u00fcbertragbarkeit. Sie k\u00f6nnen diese Rechte aus\u00fcben, indem Sie uns eine E-Mail \u00fcber info@houseofkata.com schicken. Um Missbrauch vorzubeugen, k\u00f6nnen wir Sie auffordern, sich angemessen zu identifizieren. Wenn es um den Zugang zu personenbezogenen Daten geht, die mit einem Cookie verbunden sind, bitten wir Sie, uns eine Kopie des betreffenden Cookies zu schicken. Sie k\u00f6nnen dies in den Einstellungen Ihres Browsers finden.<\/p>\n<h3>5. Blockierung und L\u00f6schung von Cookies<\/h3>\n<p>Sie k\u00f6nnen Cookies jederzeit selbst \u00fcber Ihren Internetbrowser blockieren und l\u00f6schen. Sie k\u00f6nnen Ihren Internet-Browser auch so einstellen, dass Sie eine Meldung erhalten, wenn ein Cookie gesetzt wird. Sie k\u00f6nnen auch angeben, dass bestimmte Cookies nicht platziert werden sollen. F\u00fcr diese Option konsultieren Sie bitte die Hilfefunktion Ihres Browsers. Das L\u00f6schen von Cookies in Ihrem Browser kann Folgen f\u00fcr die angenehme Nutzung dieser Website haben.<\/p>\n<p>Einige Tracking-Cookies werden von Dritten gesetzt, die Ihnen unter anderem Werbung auf unserer Website anzeigen. Sie k\u00f6nnen diese Cookies zentral \u00fcber www.youronlinechoices.eu entfernen.<\/p>\n<p>Bitte beachten Sie, dass wir bei Ablehnung von Cookies nicht mehr garantieren k\u00f6nnen, dass unsere Website ordnungsgem\u00e4\u00df funktioniert. Es ist m\u00f6glich, dass einige Funktionen der Website verloren gehen oder dass Sie die Website \u00fcberhaupt nicht mehr besuchen k\u00f6nnen. Dar\u00fcber hinaus bedeutet die Ablehnung von Cookies nicht, dass Sie keine Werbung sehen werden. Die Werbung ist dann nur nicht mehr auf Ihre Interessen zugeschnitten und wird daher m\u00f6glicherweise h\u00e4ufiger wiederholt.<\/p>\n<p>Wie Sie Ihre Einstellungen anpassen k\u00f6nnen, ist von Browser zu Browser unterschiedlich. Konsultieren Sie gegebenenfalls die Hilfefunktion Ihres Browsers, oder klicken Sie auf eines der unten stehenden Symbole, um direkt zum Handbuch Ihres Browsers zu gelangen.<br \/>\n&#8211; Firefox: https:\/\/support.mozilla.org\/nl\/kb\/cookies-verwijderen-gegevens-wissen-websites-opgeslagen<br \/>\n&#8211; Google Chrome: https:\/\/support.google.com\/chrome\/answer\/95647?co=GENIE.Platform=Desktop&#038;hl=nl<br \/>\n&#8211; Internet Explorer: https:\/\/support.microsoft.com\/nl-nl\/kb\/278835<br \/>\n&#8211; Safari: https:\/\/support.apple.com\/kb\/ph21411?locale=nl_NL<\/p>\n<h3>6. Neue Entwicklungen und unvorhergesehene Cookies<\/h3>\n<p>Die Texte auf unserer Website k\u00f6nnen aufgrund von Weiterentwicklungen jederzeit ge\u00e4ndert werden. Dies gilt auch f\u00fcr unsere Cookie-Erkl\u00e4rung. Bitte lesen Sie diese Erkl\u00e4rung daher regelm\u00e4\u00dfig, um sich \u00fcber etwaige \u00c4nderungen zu informieren.<\/p>\n<p>In Blogartikeln k\u00f6nnen Inhalte verwendet werden, die auf anderen Seiten gehostet werden und die auf www.houseofkata.com durch bestimmte Codes zug\u00e4nglich gemacht werden (eingebettete Inhalte). Denken Sie zum Beispiel an YouTube-Videos. In diesen Codes werden h\u00e4ufig Cookies verwendet. Wir haben jedoch keine Kontrolle dar\u00fcber, was diese Dritten mit ihren Cookies machen.<\/p>\n<p>Es ist auch m\u00f6glich, dass Cookies \u00fcber unsere Websites von anderen platziert werden, von denen wir selbst nicht immer Kenntnis haben. Sto\u00dfen Sie auf unserer Website auf unvorhergesehene Cookies, die Sie nicht in unserer \u00dcbersicht finden? Bitte informieren Sie uns unter info@houseofkata.com. Sie k\u00f6nnen sich auch direkt an die Drittpartei wenden und fragen, welche Cookies sie platziert, den Grund daf\u00fcr, die Lebensdauer des Cookies und wie sie Ihre Privatsph\u00e4re garantiert.<\/p>\n<h3>7. Schlu\u00dfbemerkungen<\/h3>\n<p>.<\/p>\n<p>Wir werden diese Erkl\u00e4rungen von Zeit zu Zeit \u00e4ndern m\u00fcssen, zum Beispiel wenn wir unsere Website aktualisieren oder die Regeln f\u00fcr Cookies \u00e4ndern. Die neueste Version finden Sie auf dieser Webseite.<\/p>\n<p>Wenn Sie Fragen und\/oder Anmerkungen haben, wenden Sie sich bitte an info@houseofkata.com.<\/p>\n<p>August 2021<\/p>\n<p>[\/et_pb_text][\/et_pb_column][\/et_pb_row][\/et_pb_section]<\/p>\n","protected":false},"excerpt":{"rendered":"<p>[et_pb_section fb_built=&#8220;1&#8243; _builder_version=&#8220;3.22&#8243;][et_pb_row _builder_version=&#8220;3.25&#8243; background_size=&#8220;initial&#8220; background_position=&#8220;top_left&#8220; background_repeat=&#8220;repeat&#8220;][et_pb_column type=&#8220;4_4&#8243; _builder_version=&#8220;3.25&#8243; custom_padding=&#8220;|||&#8220; custom_padding__hover=&#8220;|||&#8220;][et_pb_text _builder_version=&#8220;4.9.7&#8243; background_size=&#8220;initial&#8220; background_position=&#8220;top_left&#8220; background_repeat=&#8220;repeat&#8220; text_orientation=&#8220;left&#8220; hover_enabled=&#8220;0&#8243; sticky_enabled=&#8220;0&#8243;] Cookie-Erkl\u00e4rung . 1. Die Verwendung von Cookies www.houseofkata.com setzt Cookies ein. Ein Cookie ist eine einfache kleine Datei, die mit Seiten dieser Website und\/oder Flash-Anwendungen gesendet und von Ihrem Browser auf der Festplatte Ihres Computers, Mobiltelefons, Ihrer [&hellip;]<\/p>\n","protected":false},"author":1,"featured_media":0,"parent":0,"menu_order":0,"comment_status":"closed","ping_status":"closed","template":"","meta":{"_et_pb_use_builder":"on","_et_pb_old_content":"","_et_gb_content_width":"","footnotes":""},"class_list":["post-1992","page","type-page","status-publish","hentry"],"_links":{"self":[{"href":"https:\/\/www.houseofkata.com\/de\/wp-json\/wp\/v2\/pages\/1992","targetHints":{"allow":["GET"]}}],"collection":[{"href":"https:\/\/www.houseofkata.com\/de\/wp-json\/wp\/v2\/pages"}],"about":[{"href":"https:\/\/www.houseofkata.com\/de\/wp-json\/wp\/v2\/types\/page"}],"author":[{"embeddable":true,"href":"https:\/\/www.houseofkata.com\/de\/wp-json\/wp\/v2\/users\/1"}],"replies":[{"embeddable":true,"href":"https:\/\/www.houseofkata.com\/de\/wp-json\/wp\/v2\/comments?post=1992"}],"version-history":[{"count":0,"href":"https:\/\/www.houseofkata.com\/de\/wp-json\/wp\/v2\/pages\/1992\/revisions"}],"wp:attachment":[{"href":"https:\/\/www.houseofkata.com\/de\/wp-json\/wp\/v2\/media?parent=1992"}],"curies":[{"name":"wp","href":"https:\/\/api.w.org\/{rel}","templated":true}]}}