{"id":2026,"date":"2021-08-09T10:24:58","date_gmt":"2021-08-09T10:24:58","guid":{"rendered":"https:\/\/www.houseofkata.com\/privacyverklaring\/"},"modified":"2021-08-09T11:55:02","modified_gmt":"2021-08-09T11:55:02","slug":"privacyverklaring","status":"publish","type":"page","link":"https:\/\/www.houseofkata.com\/de\/privacyverklaring\/","title":{"rendered":"Datenschutzerkl\u00e4rung"},"content":{"rendered":"<p>[et_pb_section fb_built=&#8220;1&#8243; _builder_version=&#8220;3.22&#8243;][et_pb_row _builder_version=&#8220;3.25&#8243; background_size=&#8220;initial&#8220; background_position=&#8220;top_left&#8220; background_repeat=&#8220;repeat&#8220;][et_pb_column type=&#8220;4_4&#8243; _builder_version=&#8220;3.25&#8243; custom_padding=&#8220;|||&#8220; custom_padding__hover=&#8220;|||&#8220;][et_pb_text _builder_version=&#8220;4.9.7&#8243; background_size=&#8220;initial&#8220; background_position=&#8220;top_left&#8220; background_repeat=&#8220;repeat&#8220; text_orientation=&#8220;left&#8220; hover_enabled=&#8220;0&#8243; sticky_enabled=&#8220;0&#8243;]<\/p>\n<h1>Datenschutzerkl\u00e4rung<\/h1>\n<p>House of Kata respektiert die Privatsph\u00e4re der Besucher seiner Website und insbesondere die Rechte der Besucher in Bezug auf die automatische Verarbeitung personenbezogener Daten. Um unseren Kunden gegen\u00fcber vollkommen transparent zu sein, haben wir daher eine Politik bez\u00fcglich dieser Verarbeitungen selbst, ihres Zwecks und der M\u00f6glichkeiten f\u00fcr die betroffenen Personen, ihre Rechte bestm\u00f6glich auszu\u00fcben, formuliert und umgesetzt.<\/p>\n<p>Weitere Informationen \u00fcber den Schutz personenbezogener Daten finden Sie auf der Website der Beh\u00f6rde f\u00fcr den Schutz personenbezogener Daten: https:\/\/autoriteitpersoonsgegevens.nl\/nl.<\/p>\n<p>Solange Sie die Verwendung von Cookies und anderen Tracking-Systemen auf der Website nicht akzeptieren, werden wir keine analytischen Cookies und\/oder Tracking-Cookies auf Ihrem Computer, Mobiltelefon oder Tablet platzieren.<br \/>\nWenn Sie diese Website weiter besuchen, akzeptieren Sie die folgenden Nutzungsbedingungen.<\/p>\n<p>Die aktuelle Version der Datenschutzerkl\u00e4rung, die auf der Website verf\u00fcgbar ist, ist die einzige Version, die so lange gilt, wie Sie die Website besuchen, bis eine neue Version die aktuelle Version ersetzt.<\/p>\n<h3>Artikel 1 &#8211; Rechtliche Bestimmungen<\/h3>\n<p>.<\/p>\n<p>1.\tWebsite (im Folgenden auch als &#8222;die Website&#8220; bezeichnet): houseofkata.com<br \/>\n2.\tVerantwortlicher f\u00fcr die Verarbeitung personenbezogener Daten (im Folgenden auch &#8222;der Verantwortliche&#8220;): House of Kata mit Sitz in Vijfsprongweg 1A, 6733 JH Wekerom, kvk-Nummer: 09149840.<\/p>\n<h3>Artikel 2 &#8211; Zugang zur Website<\/h3>\n<p>.<\/p>\n<p>&#8211; Der Zugang zu und die Nutzung der Website ist streng pers\u00f6nlich. Sie werden diese Website und die darin bereitgestellten Daten und Informationen nicht f\u00fcr kommerzielle, politische oder werbliche Zwecke oder f\u00fcr kommerzielle Angebote nutzen, insbesondere nicht f\u00fcr unaufgeforderte elektronische Angebote.<\/p>\n<h3>Artikel 3 &#8211; Der Inhalt der Website<\/h3>\n<p>.  <\/p>\n<p>&#8211; Alle Marken, Bilder, Texte, Kommentare, Illustrationen, (animierte) Bilder, Videobilder, T\u00f6ne sowie alle technischen Anwendungen, die f\u00fcr das Funktionieren der Website verwendet werden k\u00f6nnen, und ganz allgemein alle auf dieser Website verwendeten Komponenten sind durch geistige Eigentumsrechte gesch\u00fctzt. Jegliche Vervielf\u00e4ltigung, Wiederholung, Nutzung oder Anpassung der gesamten Website oder eines Teils davon, einschlie\u00dflich der technischen Anwendungen, ist ohne vorherige schriftliche Zustimmung des Betreibers strengstens untersagt. Wenn der Verwalter nicht sofort gegen einen Versto\u00df vorgeht, kann dies nicht als stillschweigende Zustimmung oder als Verzicht auf rechtliche Schritte gewertet werden.<\/p>\n<h3>Artikel 4 &#8211; Die Verwaltung der Website<\/h3>\n<p>.<\/p>\n<p>&#8211; F\u00fcr die ordnungsgem\u00e4\u00dfe Verwaltung der Website kann der Administrator zu jeder Zeit<br \/>\n&#8211; den Zugang zur gesamten Website oder zu Teilen davon f\u00fcr eine bestimmte Kategorie von Besuchern auszusetzen, zu unterbrechen oder zu beschr\u00e4nken<br \/>\n&#8211; alle Informationen zu entfernen, die das Funktionieren der Website st\u00f6ren k\u00f6nnen oder die gegen nationale oder internationale Rechtsvorschriften oder die Internet-Etikette versto\u00dfen<br \/>\n&#8211; die Website zur Durchf\u00fchrung von Aktualisierungen vor\u00fcbergehend nicht verf\u00fcgbar zu machen<\/p>\n<h3>Artikel 5 &#8211; Zust\u00e4ndigkeiten<\/h3>\n<p>&#8211; Der Administrator ist in keiner Weise verantwortlich f\u00fcr Ausf\u00e4lle, St\u00f6rungen, Schwierigkeiten oder Unterbrechungen im Betrieb der Website, aufgrund derer die Website oder eine ihrer Funktionalit\u00e4ten nicht zug\u00e4nglich ist. F\u00fcr die Art und Weise, wie Sie sich mit der Website verbinden, sind Sie selbst verantwortlich. Es liegt in Ihrer Verantwortung, alle geeigneten Ma\u00dfnahmen zu ergreifen, um Ihre Ger\u00e4te und Daten u. a. gegen Virenangriffe im Internet zu sch\u00fctzen. Sie sind auch f\u00fcr die Websites und die Daten verantwortlich, die Sie im Internet abrufen.<br \/>\n&#8211; Der Verwalter haftet nicht f\u00fcr etwaige Gerichtsverfahren, die gegen Sie eingeleitet werden k\u00f6nnten:<br \/>\n&#8211; aufgrund der Nutzung der Website oder der \u00fcber das Internet zug\u00e4nglichen Dienste<br \/>\n&#8211; wegen des Versto\u00dfes gegen die Bedingungen dieser Datenschutzrichtlinie<br \/>\n&#8211; Der Administrator haftet nicht f\u00fcr Sch\u00e4den, die Sie selbst, Dritte oder Ihre Ger\u00e4te infolge Ihrer Verbindung mit der Website oder deren Nutzung erleiden. Sie sehen von jeglichen Ma\u00dfnahmen ab, die sich daraus f\u00fcr den Administrator ergeben.<br \/>\n&#8211; Wenn der Administrator aufgrund Ihrer Nutzung dieser Website in einen Rechtsstreit verwickelt wird, ist er berechtigt, den gesamten Schaden, der ihm dadurch entstanden ist und noch entstehen wird, von Ihnen zu verlangen. <\/p>\n<h3>Artikel 6 &#8211; Erhebung von Daten<\/h3>\n<p>.<\/p>\n<p>&#8211; Ihre Daten werden von House of Kata und (einem) externen Verarbeiter(n) erfasst. Personenbezogene Daten sind alle Informationen \u00fcber eine bestimmte oder bestimmbare nat\u00fcrliche Person; als bestimmbar wird eine Person angesehen, die direkt oder indirekt identifiziert werden kann, insbesondere durch Zuordnung zu einer Kennung wie einem Namen, zu einer Kennnummer, zu Standortdaten, zu einer Online-Kennung oder zu einem oder mehreren besonderen Merkmalen der physischen, physiologischen, genetischen, psychischen, wirtschaftlichen, kulturellen oder sozialen Identit\u00e4t.<br \/>\n&#8211; Die auf der Website erhobenen personenbezogenen Daten werden vom Administrator haupts\u00e4chlich dazu verwendet, die Beziehungen zu Ihnen zu pflegen und gegebenenfalls Ihre Bestellungen zu bearbeiten.<\/p>\n<h3>Artikel 7 &#8211; Ihre Rechte in Bezug auf Ihre Daten<\/h3>\n<p>.<br \/>\n<br \/> Nach \u00a7 13 Abs. 2 lit. b AVG hat jede Person das Recht auf Auskunft, Berichtigung oder L\u00f6schung der sie betreffenden personenbezogenen Daten oder auf Einschr\u00e4nkung der Verarbeitung dieser Daten sowie das Recht auf Widerspruch gegen die Verarbeitung und das Recht auf Daten\u00fcbertragbarkeit. Sie k\u00f6nnen diese Rechte aus\u00fcben, indem Sie uns unter info@houseofkata.com kontaktieren.<br \/>\n&#8211; Einem solchen Antrag ist die Kopie eines g\u00fcltigen Ausweises beizuf\u00fcgen, auf dem Sie Ihre Unterschrift geleistet haben, sowie die Anschrift, unter der Sie erreichbar sind. Sie erhalten innerhalb eines Monats nach Einreichung Ihres Antrags eine Antwort auf diesen. Je nach Komplexit\u00e4t der Antr\u00e4ge und der Anzahl der Antr\u00e4ge kann diese Frist erforderlichenfalls um 2 Monate verl\u00e4ngert werden.<\/p>\n<h3>Artikel 8 &#8211; Verarbeitung von personenbezogenen Daten<\/h3>\n<p>.<\/p>\n<p>&#8211; Im Falle eines Versto\u00dfes gegen ein Gesetz oder eine Vorschrift, dessen der Besucher verd\u00e4chtigt wird und f\u00fcr den die Beh\u00f6rden die vom Administrator gesammelten personenbezogenen Daten ben\u00f6tigen, werden diese auf ausdr\u00fcckliche und begr\u00fcndete Anfrage dieser Beh\u00f6rden zur Verf\u00fcgung gestellt, wonach diese personenbezogenen Daten nicht mehr unter den Schutz der Bestimmungen dieser Datenschutzerkl\u00e4rung fallen.<br \/>\n&#8211; Wenn bestimmte Informationen erforderlich sind, um Zugang zu bestimmten Funktionen der Website zu erhalten, wird der Betreiber bei der Anforderung dieser Informationen darauf hinweisen, dass sie obligatorisch sind.<\/p>\n<h3>Artikel 9 &#8211; Gewerbliche Angebote<\/h3>\n<p>.<\/p>\n<p>&#8211; Sie k\u00f6nnen vom Verwalter kommerzielle Angebote erhalten. Wenn Sie diese nicht (mehr) erhalten m\u00f6chten, senden Sie bitte eine E-Mail an die folgende Adresse: info@houseofkata.com.<br \/>\n&#8211; Wenn Sie bei Ihrem Besuch auf der Website auf personenbezogene Daten sto\u00dfen, m\u00fcssen Sie es unterlassen, diese zu sammeln oder anderweitig unbefugt zu verwenden, sowie jede Handlung zu unterlassen, die die Privatsph\u00e4re der betroffenen Person(en) verletzt. Der Administrator ist in keiner Weise f\u00fcr die oben genannten Situationen verantwortlich.<\/p>\n<h3>Artikel 10 &#8211; Dauer der Datenspeicherung<\/h3>\n<p>.<\/p>\n<p>&#8211; Die vom Administrator der Website gesammelten Daten werden f\u00fcr den gesetzlich vorgeschriebenen Zeitraum verwendet und aufbewahrt.<\/p>\n<h3>Artikel 11 &#8211; Cookies<\/h3>\n<p>.<\/p>\n<p>&#8211; Ein Cookie ist eine kleine Textdatei, die auf der Festplatte Ihres Computers gespeichert wird, wenn Sie unsere Website besuchen. Ein Cookie enth\u00e4lt Daten, damit Sie bei jedem Besuch unserer Website als Besucher erkannt werden k\u00f6nnen. So ist es m\u00f6glich, unsere Website f\u00fcr Sie anzupassen und Ihnen das Einloggen zu erleichtern. Wenn Sie unsere Website besuchen, wird ein Banner erscheinen, das Sie \u00fcber die Verwendung von Cookies informiert. Wenn Sie unsere Website weiter nutzen, akzeptieren Sie deren Verwendung. Ihre Zustimmung gilt f\u00fcr einen Zeitraum von dreizehn Monaten.<br \/>\n&#8211; Wir verwenden die folgenden Arten von Cookies auf unserer Website:<br \/>\no Google Analytics (analytischer Cookie)<br \/>\nFacebook (Tracking-Cookie)<br \/>\no Google Adwords (Tracking-Cookie)<br \/>\no Funktionale Cookies: z. B. Sitzungs- und Anmeldecookies zur Verfolgung von Sitzungs- und Anmeldeinformationen.<br \/>\no Analytische Cookies: um einen Einblick in die Anzahl der Besucher unserer Website zu erhalten, basierend auf Informationen \u00fcber Besucherzahlen, beliebte Seiten und Themen. Auf diese Weise k\u00f6nnen wir die Kommunikation und das Informationsangebot besser auf die Bed\u00fcrfnisse der Besucher unserer Website abstimmen. Wir k\u00f6nnen nicht sehen, wer unsere Websites besucht oder von welchem PC aus der Besuch erfolgt.<br \/>\no Tracking-Cookies: z. B. Werbe-Cookies, die dazu dienen, relevante Werbung anzuzeigen. Aus den Informationen \u00fcber besuchte Websites lassen sich pers\u00f6nliche Interessen ableiten. Auf diese Weise k\u00f6nnen Unternehmen ihren Website-Besuchern z. B. gezielte Werbung zeigen. Tracking-Cookies erm\u00f6glichen es, Profile von Personen zu erstellen und sie unterschiedlich zu behandeln. Tracking-Cookies beinhalten in der Regel die Verarbeitung personenbezogener Daten.<\/p>\n<p>Wenn Sie unsere Website besuchen, k\u00f6nnen Cookies, die von der verantwortlichen Partei und\/oder Dritten stammen, auf Ihrem Ger\u00e4t installiert werden. Bei Ihrem ersten Besuch auf der Website erscheint ein Banner, das Sie \u00fcber die Verwendung von Cookies informiert. Wenn Sie die Website weiter nutzen, akzeptieren Sie deren Verwendung. Ihre Zustimmung gilt f\u00fcr einen Zeitraum von dreizehn Monaten.<br \/>\nWeitere Informationen \u00fcber die Verwendung, Verwaltung und L\u00f6schung von Cookies f\u00fcr jede Betriebsart finden Sie unter folgendem Link: https:\/\/autoriteitpersoonsgegevens.nl\/nl\/onderwerpen\/internet-telefoon-tv-en-post\/cookies#faq<\/p>\n<h3>Artikel 12 &#8211; Anschauungsmaterial und angebotene Produkte<\/h3>\n<p>.<\/p>\n<p>&#8211; Aus den Bildern, die zu den auf der Website angebotenen Produkten geh\u00f6ren, k\u00f6nnen keine Rechte abgeleitet werden.<\/p>\n<h3>Artikel 13 &#8211; Anwendbares Recht<\/h3>\n<p>&#8211; Diese Bedingungen und Konditionen unterliegen dem niederl\u00e4ndischen Recht. F\u00fcr Streitigkeiten \u00fcber diese Bedingungen ist ausschlie\u00dflich das Gericht des Wohnsitzes\/Niederlassungsortes des Verwalters zust\u00e4ndig, soweit nicht eine gesetzliche Ausnahme gilt.<\/p>\n<h3>Artikel 14 &#8211; Kontakt<\/h3>\n<p>&#8211; F\u00fcr Fragen, Produktinformationen oder Informationen \u00fcber die Website selbst wenden Sie sich bitte an: Gerjan Romijn, info@houseofkata.com, 0318 &#8211; 46 21 54.<\/p>\n<p>[\/et_pb_text][\/et_pb_column][\/et_pb_row][\/et_pb_section]<\/p>\n","protected":false},"excerpt":{"rendered":"<p>[et_pb_section fb_built=&#8220;1&#8243; _builder_version=&#8220;3.22&#8243;][et_pb_row _builder_version=&#8220;3.25&#8243; background_size=&#8220;initial&#8220; background_position=&#8220;top_left&#8220; background_repeat=&#8220;repeat&#8220;][et_pb_column type=&#8220;4_4&#8243; _builder_version=&#8220;3.25&#8243; custom_padding=&#8220;|||&#8220; custom_padding__hover=&#8220;|||&#8220;][et_pb_text _builder_version=&#8220;4.9.7&#8243; background_size=&#8220;initial&#8220; background_position=&#8220;top_left&#8220; background_repeat=&#8220;repeat&#8220; text_orientation=&#8220;left&#8220; hover_enabled=&#8220;0&#8243; sticky_enabled=&#8220;0&#8243;] Datenschutzerkl\u00e4rung House of Kata respektiert die Privatsph\u00e4re der Besucher seiner Website und insbesondere die Rechte der Besucher in Bezug auf die automatische Verarbeitung personenbezogener Daten. Um unseren Kunden gegen\u00fcber vollkommen transparent zu sein, haben wir daher eine [&hellip;]<\/p>\n","protected":false},"author":1,"featured_media":0,"parent":0,"menu_order":0,"comment_status":"closed","ping_status":"closed","template":"","meta":{"_et_pb_use_builder":"on","_et_pb_old_content":"","_et_gb_content_width":"","footnotes":""},"class_list":["post-2026","page","type-page","status-publish","hentry"],"_links":{"self":[{"href":"https:\/\/www.houseofkata.com\/de\/wp-json\/wp\/v2\/pages\/2026","targetHints":{"allow":["GET"]}}],"collection":[{"href":"https:\/\/www.houseofkata.com\/de\/wp-json\/wp\/v2\/pages"}],"about":[{"href":"https:\/\/www.houseofkata.com\/de\/wp-json\/wp\/v2\/types\/page"}],"author":[{"embeddable":true,"href":"https:\/\/www.houseofkata.com\/de\/wp-json\/wp\/v2\/users\/1"}],"replies":[{"embeddable":true,"href":"https:\/\/www.houseofkata.com\/de\/wp-json\/wp\/v2\/comments?post=2026"}],"version-history":[{"count":0,"href":"https:\/\/www.houseofkata.com\/de\/wp-json\/wp\/v2\/pages\/2026\/revisions"}],"wp:attachment":[{"href":"https:\/\/www.houseofkata.com\/de\/wp-json\/wp\/v2\/media?parent=2026"}],"curies":[{"name":"wp","href":"https:\/\/api.w.org\/{rel}","templated":true}]}}