{"id":1370,"date":"2021-08-02T12:20:57","date_gmt":"2021-08-02T12:20:57","guid":{"rendered":"https:\/\/www.houseofkata.com\/mission-vision\/"},"modified":"2021-08-02T12:29:18","modified_gmt":"2021-08-02T12:29:18","slug":"mission-vision","status":"publish","type":"page","link":"https:\/\/www.houseofkata.com\/fr\/mission-vision\/","title":{"rendered":"Mission &amp; Vision"},"content":{"rendered":"<p>[et_pb_section fb_built=\u00a0\u00bb1&Prime; _builder_version=\u00a0\u00bb4.9.7&Prime; _module_preset=\u00a0\u00bbdefault\u00a0\u00bb][et_pb_row _builder_version=\u00a0\u00bb4.9.7&Prime; _module_preset=\u00a0\u00bbdefault\u00a0\u00bb][et_pb_column type=\u00a0\u00bb4_4&Prime; _builder_version=\u00a0\u00bb4.9.7&Prime; _module_preset=\u00a0\u00bbdefault\u00a0\u00bb][et_pb_text _builder_version=\u00a0\u00bb4.9.7&Prime; _module_preset=\u00a0\u00bbdefault\u00a0\u00bb]En tant qu\u2019autorit\u00e9 sur le march\u00e9, avec la participation des consommateurs et des d\u00e9taillants sp\u00e9cialis\u00e9s, nous d\u00e9veloppons, am\u00e9liorons et proposons des produits de qualit\u00e9 avec valeur ajout\u00e9e pour les amateurs de bassin en g\u00e9n\u00e9ral et pour les amateurs de kois en particulier.<\/p>\n<p>Avec nos produits distinctifs, nous soutenons et accompagnons les hobbyistes dans la pratique de la passion du bassin avec le bien-\u00eatre du poisson comme principale pr\u00e9occupation.<\/p>\n<p>Nous sommes un producteur innovant et ax\u00e9 sur le consommateur, grossiste dans le march\u00e9 des produits relatifs aux kois et viviers. Notre dynamique entreprise propose un assortiment complet de produits de haute qualit\u00e9, id\u00e9al pour chaque amateur de bassin. L&rsquo;accent de notre gamme est mis sur le maintien du Nishikigoi. Les innovations les plus r\u00e9centes sont connues sous le vocable de \u00ab koibiosecurity \u00bb, une appellation collective d\u00e9signant la cr\u00e9ation et le maintien d\u2019un environnement sain pour les kois.<\/p>\n<p>\u00ab\u00a0Nous sommes un partenaire dans la connaissance dans le milieu du vivier et la sant\u00e9 des poissons.\u00a0\u00bb<\/p>\n<p>Notre approche proactive est le moteur pour une innovation continue dans le but du bien-\u00eatre des Nishikigois. Beaucoup de produits innovants introduits par nous sur le march\u00e9 sont la preuve de notre motivation pour l\u2019am\u00e9lioration de l\u2019environnement des poissons dans votre bassin.[\/et_pb_text][\/et_pb_column][\/et_pb_row][\/et_pb_section]<\/p>\n","protected":false},"excerpt":{"rendered":"<p>[et_pb_section fb_built=\u00a0\u00bb1&Prime; _builder_version=\u00a0\u00bb4.9.7&Prime; _module_preset=\u00a0\u00bbdefault\u00a0\u00bb][et_pb_row _builder_version=\u00a0\u00bb4.9.7&Prime; _module_preset=\u00a0\u00bbdefault\u00a0\u00bb][et_pb_column type=\u00a0\u00bb4_4&Prime; _builder_version=\u00a0\u00bb4.9.7&Prime; _module_preset=\u00a0\u00bbdefault\u00a0\u00bb][et_pb_text _builder_version=\u00a0\u00bb4.9.7&Prime; _module_preset=\u00a0\u00bbdefault\u00a0\u00bb]En tant qu\u2019autorit\u00e9 sur le march\u00e9, avec la participation des consommateurs et des d\u00e9taillants sp\u00e9cialis\u00e9s, nous d\u00e9veloppons, am\u00e9liorons et proposons des produits de qualit\u00e9 avec valeur ajout\u00e9e pour les amateurs de bassin en g\u00e9n\u00e9ral et pour les amateurs de kois en particulier. Avec nos produits [&hellip;]<\/p>\n","protected":false},"author":1,"featured_media":0,"parent":0,"menu_order":0,"comment_status":"closed","ping_status":"closed","template":"","meta":{"_et_pb_use_builder":"on","_et_pb_old_content":"","_et_gb_content_width":"","footnotes":""},"class_list":["post-1370","page","type-page","status-publish","hentry"],"_links":{"self":[{"href":"https:\/\/www.houseofkata.com\/fr\/wp-json\/wp\/v2\/pages\/1370","targetHints":{"allow":["GET"]}}],"collection":[{"href":"https:\/\/www.houseofkata.com\/fr\/wp-json\/wp\/v2\/pages"}],"about":[{"href":"https:\/\/www.houseofkata.com\/fr\/wp-json\/wp\/v2\/types\/page"}],"author":[{"embeddable":true,"href":"https:\/\/www.houseofkata.com\/fr\/wp-json\/wp\/v2\/users\/1"}],"replies":[{"embeddable":true,"href":"https:\/\/www.houseofkata.com\/fr\/wp-json\/wp\/v2\/comments?post=1370"}],"version-history":[{"count":0,"href":"https:\/\/www.houseofkata.com\/fr\/wp-json\/wp\/v2\/pages\/1370\/revisions"}],"wp:attachment":[{"href":"https:\/\/www.houseofkata.com\/fr\/wp-json\/wp\/v2\/media?parent=1370"}],"curies":[{"name":"wp","href":"https:\/\/api.w.org\/{rel}","templated":true}]}}