{"id":1412,"date":"2021-08-02T12:56:34","date_gmt":"2021-08-02T12:56:34","guid":{"rendered":"https:\/\/www.houseofkata.com\/koi-biosicherheit\/"},"modified":"2021-08-02T13:07:39","modified_gmt":"2021-08-02T13:07:39","slug":"koi-biosicherheit","status":"publish","type":"page","link":"https:\/\/www.houseofkata.com\/fr\/koi-biosicherheit\/","title":{"rendered":"Bios\u00e9curit\u00e9 des carpes ko\u00ef"},"content":{"rendered":"<p>[et_pb_section fb_built=\u00a0\u00bb1&Prime; _builder_version=\u00a0\u00bb3.22&Prime;][et_pb_row _builder_version=\u00a0\u00bb3.25&Prime; background_size=\u00a0\u00bbinitial\u00a0\u00bb background_position=\u00a0\u00bbtop_left\u00a0\u00bb background_repeat=\u00a0\u00bbrepeat\u00a0\u00bb][et_pb_column type=\u00a0\u00bb4_4&Prime; _builder_version=\u00a0\u00bb3.25&Prime; custom_padding=\u00a0\u00bb|||\u00a0\u00bb custom_padding__hover=\u00a0\u00bb|||\u00a0\u00bb][et_pb_text _builder_version=\u00a0\u00bb4.9.7&Prime; background_size=\u00a0\u00bbinitial\u00a0\u00bb background_position=\u00a0\u00bbtop_left\u00a0\u00bb background_repeat=\u00a0\u00bbrepeat\u00a0\u00bb hover_enabled=\u00a0\u00bb0&Prime; text_orientation=\u00a0\u00bbleft\u00a0\u00bb sticky_enabled=\u00a0\u00bb0&Prime;]<\/p>\n<h2><strong>Bios\u00e9curit\u00e9 des carpes ko\u00ef<\/strong><\/h2>\n<p>Ce site web a \u00e9t\u00e9 cr\u00e9\u00e9 pour fournir \u00e0 tous les amateurs de koi une plate-forme o\u00f9 ils peuvent obtenir des informations pour garder et maintenir leurs koi en aussi bonne sant\u00e9 que possible. Il s&rsquo;agit de conditionner l&rsquo;environnement dans lequel se trouvent les ko\u00efs : le bassin, l&rsquo;eau et tout ce qui l&rsquo;accompagne. Nous appelons ce processus Koi Biosecurity.  <\/p>\n<p><strong>Bios\u00e9curit\u00e9 pour les ko\u00efs : Pourquoi est-ce si important ?<\/strong><\/p>\n<p>En raison de la l\u00e9gislation plus stricte \u00e0 venir concernant l&rsquo;utilisation de m\u00e9dicaments chez les animaux et donc aussi chez nos amis \u00e0 plumes, les Nishikigoi, le traitement de l&rsquo;\u00e9tang et des filtres associ\u00e9s devient de plus en plus important. Gr\u00e2ce \u00e0 cette modification de la loi, les m\u00e9dicaments ne seront bient\u00f4t plus disponibles que chez le v\u00e9t\u00e9rinaire et non plus chez le marchand de carpes ko\u00ef. Par cons\u00e9quent, vous serez beaucoup plus cher lorsque vous aurez besoin de m\u00e9dicaments.  <\/p>\n<p><strong>Koi Biosecurity a un certain nombre d&rsquo;objectifs que nous voulons atteindre. Certains d&rsquo;entre eux sont \u00e9num\u00e9r\u00e9s ci-dessous : <\/strong><\/p>\n<ul>\n<li>Cr\u00e9ez et maintenez un environnement de vie sain pour vos ko\u00efs.<\/li>\n<li>Approfondir les connaissances des amateurs de koi.<\/li>\n<li>Sensibilisation \u00e0 la bios\u00e9curit\u00e9 des ko\u00efs par la reconnaissance des sympt\u00f4mes et le contr\u00f4le des maladies.<\/li>\n<li>Prendre et appliquer des mesures pr\u00e9ventives pour \u00e9viter les probl\u00e8mes et les maladies dans la <a href=\"https:\/\/pharmacie-hommes.fr\/\" target=\"_blank\" rel=\"noopener\">pharmacie<\/a>.<\/li>\n<li>Anticipation des prochaines lois et r\u00e9glementations visant \u00e0 restreindre\/interdire divers agents (m\u00e9dicaux) et antibiotiques.<\/li>\n<li>Plus et un bon guide pour gu\u00e9rir quand les choses vont mal.<\/li>\n<\/ul>\n<p>Cela peut se faire de deux mani\u00e8res :<\/p>\n<p><strong>Pr\u00e9ventif<\/strong> (avant et comme mesure pr\u00e9ventive)<br \/>Informations d\u00e9taill\u00e9es dans le menu suivant.<\/p>\n<p><strong>Correctif<\/strong> (traitement r\u00e9trospectif)<br \/>Informations d\u00e9taill\u00e9es dans le menu suivant.<\/p>\n<p>[\/et_pb_text][\/et_pb_column][\/et_pb_row][\/et_pb_section][et_pb_section fb_built=\u00a0\u00bb1&Prime; _builder_version=\u00a0\u00bb4.9.7&Prime; hover_enabled=\u00a0\u00bb0&Prime; background_color=\u00a0\u00bbrgba(28,28,28,0.03)\u00a0\u00bb sticky_enabled=\u00a0\u00bb0&Prime;][et_pb_row _builder_version=\u00a0\u00bb3.25&Prime; background_size=\u00a0\u00bbinitial\u00a0\u00bb background_position=\u00a0\u00bbtop_left\u00a0\u00bb background_repeat=\u00a0\u00bbrepeat\u00a0\u00bb][et_pb_column type=\u00a0\u00bb4_4&Prime; _builder_version=\u00a0\u00bb3.25&Prime; custom_padding=\u00a0\u00bb|||\u00a0\u00bb custom_padding__hover=\u00a0\u00bb|||\u00a0\u00bb][et_pb_text _builder_version=\u00a0\u00bb4.9.7&Prime; background_size=\u00a0\u00bbinitial\u00a0\u00bb background_position=\u00a0\u00bbtop_left\u00a0\u00bb background_repeat=\u00a0\u00bbrepeat\u00a0\u00bb hover_enabled=\u00a0\u00bb0&Prime; text_orientation=\u00a0\u00bbleft\u00a0\u00bb sticky_enabled=\u00a0\u00bb0&Prime; background_enable_color=\u00a0\u00bboff\u00a0\u00bb]<\/p>\n<h3>DES BLOCS SOMBRES PLANENT SUR NOTRE HOBBY COI, TOUTES LES P\u00caCHERIES FERMERONT EN 2025 !<\/h3>\n<p>&nbsp;<\/p>\n<p><strong><em>La question que nous nous posons est de savoir si nous serons toujours en mesure de garder nos poissons en bonne sant\u00e9 en 2020. Les antibiotiques sont de plus en plus difficiles \u00e0 obtenir et les r\u00e9sistances sont en augmentation. Des m\u00e9dicaments indispensables sont mis sous cl\u00e9 et deviennent de plus en plus difficiles \u00e0 obtenir.   <\/em><\/strong><\/p>\n<p><strong><em> <\/em><\/strong><\/p>\n<p><em>Le hobby du koi (en fait, il s&rsquo;agit de conserver l&rsquo;eau) a r\u00e9duit de moiti\u00e9 l&rsquo;utilisation de m\u00e9dicaments au cours des 15 derni\u00e8res ann\u00e9es, ce qui est une bonne nouvelle et est principalement d\u00fb \u00e0 la collecte et \u00e0 la transmission de connaissances actualis\u00e9es. D&rsquo;autre part, les m\u00e9dicaments utilis\u00e9s sont r\u00e9sistants et polluent notre cadre de vie. Nous d\u00e9truisons lentement notre propre monde. Toute initiative contribuant \u00e0 un meilleur environnement devrait \u00eatre prise afin que nous puissions laisser un monde meilleur \u00e0 nos enfants.   <\/em><\/p>\n<p><em> <\/em><\/p>\n<p><em> <\/em><\/p>\n<p><strong><em>HOUSE OF KATA INVESTIT DANS DES SOLUTIONS DURABLES POUR UN AVENIR MEILLEUR, ET VOUS ?<\/em><\/strong><\/p>\n<p><em><u>Posez-vous les questions importantes suivantes<\/u><\/em> <em>:<\/em><\/p>\n<ul>\n<li><em>Quelle empreinte laissons-nous &#8211; et laissez-vous &#8211; \u00e0 nos enfants ?<\/em><\/li>\n<li><em>Quels sont les effets de la contamination des eaux de surface par les m\u00e9dicaments sur votre \u00e9tang ?<\/em><\/li>\n<li><em>Il existe d\u00e9j\u00e0 une r\u00e9glementation l\u00e9gale, est-elle aussi strictement appliqu\u00e9e ? (Pas encore !) <\/em><\/li>\n<li><em>Quels m\u00e9dicaments seront \u00e0 notre disposition dans les dix prochaines ann\u00e9es ?<\/em><\/li>\n<li><em>Serons-nous oblig\u00e9s d&rsquo;abandonner le hobby du koi \u00e0 un moment donn\u00e9 ?<\/em><\/li>\n<li><em>Pouvons-nous prendre des mesures MAINTENANT pour un avenir meilleur ?<\/em><\/li>\n<\/ul>\n<p><em> <\/em><\/p>\n<p><em>La r\u00e9ponse \u00e0 la derni\u00e8re question est d\u00e9j\u00e0 l\u00e0, un OUI clair !<\/em><\/p>\n<p><em>House of Kata est en mouvement et pense toujours \u00e0 l&rsquo;avenir. En fait, House of Kata est maintenant connu comme un d\u00e9veloppeur de solutions pour l&rsquo;\u00e9levage des ko\u00efs ! Contribuez \u00e0 construire un avenir durable pour vous-m\u00eame et nos enfants en transmettant &#8211; ensemble &#8211; un environnement plus propre.  <\/em><\/p>\n<p><em> <\/em><\/p>\n<p><strong><em>Selon notre d\u00e9partement R&amp;D, la solution est \u00e0 la fois efficace et simple !<\/em><\/strong><\/p>\n<p><em>En tant que sp\u00e9cialiste progressiste du secteur, House of Kata passe \u00e0 l&rsquo;\u00e9tape suivante : \u00ab\u00a0nourrir avec un antibiotique appuy\u00e9 par un certificat \u00e9crit du v\u00e9t\u00e9rinaire\u00a0\u00bb. En bref, un traitement sur mesure qui peut facilement \u00eatre r\u00e9alis\u00e9 \u00e0 domicile et qui est effectu\u00e9 selon les instructions d&rsquo;un m\u00e9decin. <\/em><\/p>\n<p><strong><em>Le r\u00e9sultat ? Seul le profit <\/em><\/strong><em>! Le traitement est cibl\u00e9 et pr\u00e9cis. Les UFC (unit\u00e9s de formation de colonies) de bact\u00e9ries b\u00e9n\u00e9fiques, dont nous avons tant besoin, sont beaucoup moins sollicit\u00e9es. Cela permet d&rsquo;\u00e9viter une augmentation des niveaux d&rsquo;ammonium, d&rsquo;ammoniac ou de nitrite dans l&rsquo;eau de votre bassin.  <\/em><\/p>\n<p><em>Et enfin, l&#8217;empreinte \u00e9cologique est r\u00e9duite de pas moins de 85 %*.<\/em><\/p>\n<p><em> <\/em><\/p>\n<p><em>Avez-vous un probl\u00e8me bact\u00e9rien ? <strong>Il existe d\u00e9sormais une approche s\u00fbre et simple en 5 \u00e9tapes.<\/strong><\/em><\/p>\n<ul>\n<li><em>Contactez un v\u00e9t\u00e9rinaire affili\u00e9 et faites faire un antibiogramme.<\/em><\/li>\n<li><em>Le v\u00e9t\u00e9rinaire d\u00e9livre un certificat de traitement.<\/em><\/li>\n<li><em>Apr\u00e8s paiement au v\u00e9t\u00e9rinaire, celui-ci envoie les m\u00e9dicaments \u00e0 la Maison de Kata.<\/em><\/li>\n<li><em>Apr\u00e8s paiement \u00e0 la Maison de Kata, la nourriture m\u00e9dicale sera sp\u00e9cialement pr\u00e9par\u00e9e pour vous.<\/em><\/li>\n<li><em>Dans les 48 heures, vous recevrez votre solution sous forme d&rsquo;aliments m\u00e9dicamenteux.<\/em><\/li>\n<\/ul>\n<p><strong><em>Exemple de calcul simple<\/em><\/strong><\/p>\n<p><em>Un bassin de 20 m3 n\u00e9cessitant un traitement antibiotique de 5 grammes par 1 m3 requiert l&rsquo;application de 100 grammes d&rsquo;antibiotiques. Dans ce cas, seuls 15 grammes sont n\u00e9cessaires dans 3 kg d&rsquo;aliments. Une \u00e9conomie de pas moins de 85 %.  <\/em><\/p>\n<p><em>Conclusion : si le diagnostic est correct, une r\u00e9duction significative de la m\u00e9dication signifie moins de pollution de l&rsquo;\u00e9tang et moins de pollution de l&rsquo;eau de surface. C&rsquo;est plus durable pour l&rsquo;environnement et le bien-\u00eatre des animaux ! <\/em><\/p>\n<p>&nbsp;[\/et_pb_text][\/et_pb_column][\/et_pb_row][\/et_pb_section]<\/p>\n","protected":false},"excerpt":{"rendered":"<p>[et_pb_section fb_built=\u00a0\u00bb1&Prime; _builder_version=\u00a0\u00bb3.22&Prime;][et_pb_row _builder_version=\u00a0\u00bb3.25&Prime; background_size=\u00a0\u00bbinitial\u00a0\u00bb background_position=\u00a0\u00bbtop_left\u00a0\u00bb background_repeat=\u00a0\u00bbrepeat\u00a0\u00bb][et_pb_column type=\u00a0\u00bb4_4&Prime; _builder_version=\u00a0\u00bb3.25&Prime; custom_padding=\u00a0\u00bb|||\u00a0\u00bb custom_padding__hover=\u00a0\u00bb|||\u00a0\u00bb][et_pb_text _builder_version=\u00a0\u00bb4.9.7&Prime; background_size=\u00a0\u00bbinitial\u00a0\u00bb background_position=\u00a0\u00bbtop_left\u00a0\u00bb background_repeat=\u00a0\u00bbrepeat\u00a0\u00bb hover_enabled=\u00a0\u00bb0&Prime; text_orientation=\u00a0\u00bbleft\u00a0\u00bb sticky_enabled=\u00a0\u00bb0&Prime;] Bios\u00e9curit\u00e9 des carpes ko\u00ef Ce site web a \u00e9t\u00e9 cr\u00e9\u00e9 pour fournir \u00e0 tous les amateurs de koi une plate-forme o\u00f9 ils peuvent obtenir des informations pour garder et maintenir leurs koi en aussi bonne sant\u00e9 que [&hellip;]<\/p>\n","protected":false},"author":1,"featured_media":0,"parent":0,"menu_order":0,"comment_status":"closed","ping_status":"closed","template":"","meta":{"_et_pb_use_builder":"on","_et_pb_old_content":"","_et_gb_content_width":"","footnotes":""},"class_list":["post-1412","page","type-page","status-publish","hentry"],"_links":{"self":[{"href":"https:\/\/www.houseofkata.com\/fr\/wp-json\/wp\/v2\/pages\/1412","targetHints":{"allow":["GET"]}}],"collection":[{"href":"https:\/\/www.houseofkata.com\/fr\/wp-json\/wp\/v2\/pages"}],"about":[{"href":"https:\/\/www.houseofkata.com\/fr\/wp-json\/wp\/v2\/types\/page"}],"author":[{"embeddable":true,"href":"https:\/\/www.houseofkata.com\/fr\/wp-json\/wp\/v2\/users\/1"}],"replies":[{"embeddable":true,"href":"https:\/\/www.houseofkata.com\/fr\/wp-json\/wp\/v2\/comments?post=1412"}],"version-history":[{"count":0,"href":"https:\/\/www.houseofkata.com\/fr\/wp-json\/wp\/v2\/pages\/1412\/revisions"}],"wp:attachment":[{"href":"https:\/\/www.houseofkata.com\/fr\/wp-json\/wp\/v2\/media?parent=1412"}],"curies":[{"name":"wp","href":"https:\/\/api.w.org\/{rel}","templated":true}]}}