{"id":1452,"date":"2021-08-02T13:28:28","date_gmt":"2021-08-02T13:28:28","guid":{"rendered":"https:\/\/www.houseofkata.com\/private-label\/"},"modified":"2021-08-09T08:49:40","modified_gmt":"2021-08-09T08:49:40","slug":"private-label","status":"publish","type":"page","link":"https:\/\/www.houseofkata.com\/fr\/private-label\/","title":{"rendered":"Private Label"},"content":{"rendered":"<p>[et_pb_section fb_built=\u00a0\u00bb1&Prime; _builder_version=\u00a0\u00bb4.9.7&Prime; _module_preset=\u00a0\u00bbdefault\u00a0\u00bb][et_pb_row _builder_version=\u00a0\u00bb4.9.7&Prime; _module_preset=\u00a0\u00bbdefault\u00a0\u00bb][et_pb_column type=\u00a0\u00bb4_4&Prime; _builder_version=\u00a0\u00bb4.9.7&Prime; _module_preset=\u00a0\u00bbdefault\u00a0\u00bb][et_pb_text _builder_version=\u00a0\u00bb4.9.7&Prime; _module_preset=\u00a0\u00bbdefault\u00a0\u00bb hover_enabled=\u00a0\u00bb0&Prime; sticky_enabled=\u00a0\u00bb0&Prime;]L\u2019entreprise qui fournit du travail sur mesure pour les produits d\u2019emballage. Nous proposons une large gamme de produite et d\u2019assemblage. Nous vous proposons une large gamme de produits et les assemblages. Gr\u00e2ce \u00e0 notre approche flexible, nous offrons \u00e0 nos clients des r\u00e9ponses adapt\u00e9es \u00e0 tous les besoins d\u2019emballage.    <\/p>\n<p>Notre propre hall de production avec un important parc de machines de production offre des solutions ad\u00e9quates dans le domaines des liquides, poudres et granul\u00e9s.<\/p>\n<p>Avec une capacit\u00e9 plus que suffisante pour soulager votre entreprise. Qualit\u00e9 et service sont des valeurs primordiales dans notre entreprise. Le proc\u00e9sus de fabrication se d\u00e9roule selon les normes de qualit\u00e9 de la NVWA(Nieuwe Voedsel Waren Autoriteit) qui est l\u2019organisme N\u00e9erlandais de contr\u00f4le des nouvelles denr\u00e9es alimentaires. Notre syst\u00e8me de qualit\u00e9 est d\u00e9crit en d\u00e9tail dans le manuel de qualit\u00e9. Nous r\u00e9pondons ainsi largement aux normes de qualit\u00e9s \u00e9tablies l\u00e9galement pour vous assurer la meilleure qualit\u00e9.   <\/p>\n<h2>Private Label<\/h2>\n<p>Lorsque le client d\u00e9sire distribuer des produits sp\u00e9cifiques sous son propre nom ou marque, nous sommes son meilleur partenaire.  <\/p>\n<p>Les produits sp\u00e9cifiques au client sont fabriqu\u00e9s et emball\u00e9s professionnellement et rapidement pour lui. Nous sommes \u00e0 m\u00eame de livrer un produit de bonne qualit\u00e9 \u00e0 un prix serr\u00e9 et comme nous avons une organisation lin\u00e9aire nous pouvons \u00e9galement r\u00e9agir rapidement et \u00e9viter des communications inutiles. Un grand avantage de l\u2019\u00e9tiquette priv\u00e9e est une fid\u00e9lisation accrue du client \u00e0 votre entreprise car ces produits ne sont disponibles que chez vous. En parall\u00e8le, une marque priv\u00e9e est souvent meilleur march\u00e9 \u00e0 l\u2019achat et peut vous procurer une meilleure marge b\u00e9n\u00e9ficiaire. <\/p>\n<h2>Enregistr\u00e9 NVWA<\/h2>\n<p>La Nederlandse Voedsel- en Warenautoriteit (NVWA) (Autorit\u00e9 N\u00e9erlandaise sur les denr\u00e9es alimentaires) veille sur la sant\u00e9 des animaux et des plantes, le bien \u00eatre animal et la s\u00e9curit\u00e9 des aliments et produits de consommation, et maintien la l\u00e9gislation en mati\u00e8re de nature. Les pollutions dans les aliments pour animaux peuvent pr\u00e9senter un danger aussi pour les humains. Les entreprises de ce secteur doivent donc v\u00e9rifier si leurs mati\u00e8res premi\u00e8res sont propres, et construire leurs processus de production selon les principes de l\u2019HACCP. La NVWA inspecte les moyens de production des entreprises et v\u00e9rifie la composition des mati\u00e8res premi\u00e8res et des aliments pour animaux. Pour la NVWA il est important de savoir quels risques pour la s\u00e9curit\u00e9 des aliments, des produits et la sant\u00e9 animale sont en balance dans le syst\u00e8me de production des entreprises.  <\/p>\n<p>C\u2019est une condition pour pouvoir effectuer une supervision efficace. Pour cette raison les entreprises doivent demander une reconnaissance, un enregistrement une exemption ou une autorisation aupr\u00e8s de la NVWA.   <\/p>\n<p>Nous sommes enregistr\u00e9s sous le num\u00e9ro : NVWA NR 211434[\/et_pb_text][\/et_pb_column][\/et_pb_row][\/et_pb_section]<\/p>\n","protected":false},"excerpt":{"rendered":"<p>[et_pb_section fb_built=\u00a0\u00bb1&Prime; _builder_version=\u00a0\u00bb4.9.7&Prime; _module_preset=\u00a0\u00bbdefault\u00a0\u00bb][et_pb_row _builder_version=\u00a0\u00bb4.9.7&Prime; _module_preset=\u00a0\u00bbdefault\u00a0\u00bb][et_pb_column type=\u00a0\u00bb4_4&Prime; _builder_version=\u00a0\u00bb4.9.7&Prime; _module_preset=\u00a0\u00bbdefault\u00a0\u00bb][et_pb_text _builder_version=\u00a0\u00bb4.9.7&Prime; _module_preset=\u00a0\u00bbdefault\u00a0\u00bb hover_enabled=\u00a0\u00bb0&Prime; sticky_enabled=\u00a0\u00bb0&Prime;]L\u2019entreprise qui fournit du travail sur mesure pour les produits d\u2019emballage. Nous proposons une large gamme de produite et d\u2019assemblage. Nous vous proposons une large gamme de produits et les assemblages. Gr\u00e2ce \u00e0 notre approche flexible, nous offrons \u00e0 nos clients des r\u00e9ponses [&hellip;]<\/p>\n","protected":false},"author":1,"featured_media":0,"parent":0,"menu_order":0,"comment_status":"closed","ping_status":"closed","template":"","meta":{"_et_pb_use_builder":"on","_et_pb_old_content":"","_et_gb_content_width":"","footnotes":""},"class_list":["post-1452","page","type-page","status-publish","hentry"],"_links":{"self":[{"href":"https:\/\/www.houseofkata.com\/fr\/wp-json\/wp\/v2\/pages\/1452","targetHints":{"allow":["GET"]}}],"collection":[{"href":"https:\/\/www.houseofkata.com\/fr\/wp-json\/wp\/v2\/pages"}],"about":[{"href":"https:\/\/www.houseofkata.com\/fr\/wp-json\/wp\/v2\/types\/page"}],"author":[{"embeddable":true,"href":"https:\/\/www.houseofkata.com\/fr\/wp-json\/wp\/v2\/users\/1"}],"replies":[{"embeddable":true,"href":"https:\/\/www.houseofkata.com\/fr\/wp-json\/wp\/v2\/comments?post=1452"}],"version-history":[{"count":0,"href":"https:\/\/www.houseofkata.com\/fr\/wp-json\/wp\/v2\/pages\/1452\/revisions"}],"wp:attachment":[{"href":"https:\/\/www.houseofkata.com\/fr\/wp-json\/wp\/v2\/media?parent=1452"}],"curies":[{"name":"wp","href":"https:\/\/api.w.org\/{rel}","templated":true}]}}