{"id":1481,"date":"2021-08-02T13:39:55","date_gmt":"2021-08-02T13:39:55","guid":{"rendered":"https:\/\/www.houseofkata.com\/modalites-du-site\/"},"modified":"2021-08-02T13:40:00","modified_gmt":"2021-08-02T13:40:00","slug":"modalites-du-site","status":"publish","type":"page","link":"https:\/\/www.houseofkata.com\/fr\/modalites-du-site\/","title":{"rendered":"Modalit\u00e9s du site"},"content":{"rendered":"<p>[et_pb_section fb_built=\u00a0\u00bb1&Prime; _builder_version=\u00a0\u00bb4.9.7&Prime; _module_preset=\u00a0\u00bbdefault\u00a0\u00bb][et_pb_row _builder_version=\u00a0\u00bb4.9.7&Prime; _module_preset=\u00a0\u00bbdefault\u00a0\u00bb][et_pb_column type=\u00a0\u00bb4_4&Prime; _builder_version=\u00a0\u00bb4.9.7&Prime; _module_preset=\u00a0\u00bbdefault\u00a0\u00bb][et_pb_text _builder_version=\u00a0\u00bb4.9.7&Prime; _module_preset=\u00a0\u00bbdefault\u00a0\u00bb]<\/p>\n<h3>\u00a9 House Of Kata: Tout droits r\u00e9serv\u00e9s.<\/h3>\n<h2><\/h2>\n<h2><\/h2>\n<h2>Propri\u00e9t\u00e9 intellectuelle et droits d\u2019auteurs:<\/h2>\n<p>Toutes les pi\u00e8ces et documents \u00e9ventuellement fournis par House of Kata, tels que : projets, croquis, dessins, filmes, software, donn\u00e9es (\u00e9lectroniques) etc\u2026 sont uniquement destin\u00e9es \u00e0 \u00eatre utilis\u00e9s par l\u2019acheteur et ne peuvent en aucun cas \u00eatre reproduits, publi\u00e9s ou port\u00e9s \u00e0 la connaissance de ti\u00e8rs sans l\u2019autorisation pr\u00e9alable de House of Kata.<\/p>\n<h2><\/h2>\n<h2><\/h2>\n<h2>Copyright<\/h2>\n<p>La reprise d\u2019informations ( textes et illustrations )n\u2019 est exclusivement autoris\u00e9e qu\u2019 apr\u00e8s autorisation \u00e9crite pralable de House of Kata. Pour les questions au sujet des copyright et l\u2019utilisation d\u2019informations provenant de ce site, vous pouvez prendre contact. -email- <\/p>\n<p>House of Kata Products fait le maximum afin de garantir la qualit\u00e9 des produits qu\u2019elle met sur le march\u00e9. N\u00e9anmoins, House of Kata ne peut \u00eatre tenu pour responsable pour d\u2019\u00e9ventuels d\u00e9gats directes ou indirectes caus\u00e9s \u00e0 votre bassin et\/ ou vos poissons suite \u00e0 une utilisation incorrecte de ses produits. <\/p>\n<p>En plus nous insistons sur le caract\u00e8re uniquement informatif des textes repris sur ce site. Pour des d\u00e9gats subits suit \u00e0 une utilisation incorrecte ou par manque d\u2019exp\u00e9rience et dont les manipulations ont \u00e9t\u00e9 inspir\u00e9es par ce texte, House of Kata Products ne peut, non plus, en \u00eatre port\u00e9 responsable. <\/p>\n<p>[\/et_pb_text][\/et_pb_column][\/et_pb_row][\/et_pb_section]<\/p>\n","protected":false},"excerpt":{"rendered":"<p>[et_pb_section fb_built=\u00a0\u00bb1&Prime; _builder_version=\u00a0\u00bb4.9.7&Prime; _module_preset=\u00a0\u00bbdefault\u00a0\u00bb][et_pb_row _builder_version=\u00a0\u00bb4.9.7&Prime; _module_preset=\u00a0\u00bbdefault\u00a0\u00bb][et_pb_column type=\u00a0\u00bb4_4&Prime; _builder_version=\u00a0\u00bb4.9.7&Prime; _module_preset=\u00a0\u00bbdefault\u00a0\u00bb][et_pb_text _builder_version=\u00a0\u00bb4.9.7&Prime; _module_preset=\u00a0\u00bbdefault\u00a0\u00bb] \u00a9 House Of Kata: Tout droits r\u00e9serv\u00e9s. Propri\u00e9t\u00e9 intellectuelle et droits d\u2019auteurs: Toutes les pi\u00e8ces et documents \u00e9ventuellement fournis par House of Kata, tels que : projets, croquis, dessins, filmes, software, donn\u00e9es (\u00e9lectroniques) etc\u2026 sont uniquement destin\u00e9es \u00e0 \u00eatre utilis\u00e9s par l\u2019acheteur et ne [&hellip;]<\/p>\n","protected":false},"author":1,"featured_media":0,"parent":0,"menu_order":0,"comment_status":"closed","ping_status":"closed","template":"","meta":{"_et_pb_use_builder":"on","_et_pb_old_content":"","_et_gb_content_width":"","footnotes":""},"class_list":["post-1481","page","type-page","status-publish","hentry"],"_links":{"self":[{"href":"https:\/\/www.houseofkata.com\/fr\/wp-json\/wp\/v2\/pages\/1481","targetHints":{"allow":["GET"]}}],"collection":[{"href":"https:\/\/www.houseofkata.com\/fr\/wp-json\/wp\/v2\/pages"}],"about":[{"href":"https:\/\/www.houseofkata.com\/fr\/wp-json\/wp\/v2\/types\/page"}],"author":[{"embeddable":true,"href":"https:\/\/www.houseofkata.com\/fr\/wp-json\/wp\/v2\/users\/1"}],"replies":[{"embeddable":true,"href":"https:\/\/www.houseofkata.com\/fr\/wp-json\/wp\/v2\/comments?post=1481"}],"version-history":[{"count":0,"href":"https:\/\/www.houseofkata.com\/fr\/wp-json\/wp\/v2\/pages\/1481\/revisions"}],"wp:attachment":[{"href":"https:\/\/www.houseofkata.com\/fr\/wp-json\/wp\/v2\/media?parent=1481"}],"curies":[{"name":"wp","href":"https:\/\/api.w.org\/{rel}","templated":true}]}}