{"id":1509,"date":"2021-08-02T14:03:49","date_gmt":"2021-08-02T14:03:49","guid":{"rendered":"https:\/\/www.houseofkata.com\/maladies-des-poissons\/"},"modified":"2021-08-02T14:03:55","modified_gmt":"2021-08-02T14:03:55","slug":"maladies-des-poissons","status":"publish","type":"page","link":"https:\/\/www.houseofkata.com\/fr\/maladies-des-poissons\/","title":{"rendered":"Maladies des poissons"},"content":{"rendered":"<p>[et_pb_section fb_built=\u00a0\u00bb1&Prime; admin_label=\u00a0\u00bbsection\u00a0\u00bb _builder_version=\u00a0\u00bb3.22&Prime;][et_pb_row admin_label=\u00a0\u00bbrow\u00a0\u00bb _builder_version=\u00a0\u00bb3.25&Prime; background_size=\u00a0\u00bbinitial\u00a0\u00bb background_position=\u00a0\u00bbtop_left\u00a0\u00bb background_repeat=\u00a0\u00bbrepeat\u00a0\u00bb][et_pb_column type=\u00a0\u00bb4_4&Prime; _builder_version=\u00a0\u00bb3.25&Prime; custom_padding=\u00a0\u00bb|||\u00a0\u00bb custom_padding__hover=\u00a0\u00bb|||\u00a0\u00bb][et_pb_text admin_label=\u00a0\u00bbText\u00a0\u00bb _builder_version=\u00a0\u00bb4.9.7&Prime; background_size=\u00a0\u00bbinitial\u00a0\u00bb background_position=\u00a0\u00bbtop_left\u00a0\u00bb background_repeat=\u00a0\u00bbrepeat\u00a0\u00bb]<\/p>\n<h3>Lernae<\/h3>\n<p>Les vers de l&rsquo;ancre sont l&rsquo;un des parasites les plus notoires qui peuvent attaquer nos poissons. Ils se fixent aux tissus de la peau \u00e0 l&rsquo;aide de crochets. Lorsque le ver de l&rsquo;ancre s&rsquo;enfonce dans le poisson, ce parasite provoque \u00e9galement une blessure qui peut entra\u00eener une infection suppl\u00e9mentaire due \u00e0 des bact\u00e9ries ou des champignons.  <\/p>\n<h3>Sangsues<\/h3>\n<p>La sangsue la plus fr\u00e9quemment rencontr\u00e9e comme parasite sur les ko\u00efs est la sangsue des poissons (Piscicola geometra). Cette sangsue est de forme \u00e9lanc\u00e9e et peut atteindre une taille d&rsquo;environ 5 cm. Une fois que les sangsues se sont attach\u00e9es au ko\u00ef, elles p\u00e9n\u00e8trent la peau du poisson pour en sucer le sang. Si un ko\u00ef est couvert de sangsues, sa sant\u00e9 peut se d\u00e9t\u00e9riorer rapidement et une an\u00e9mie peut survenir. En outre, le ko\u00ef peut \u00eatre plus sensible \u00e0 de nombreuses autres infections.     <\/p>\n<h3>Le puceron du poisson ou de la carpe (Argulus)<\/h3>\n<p>C&rsquo;est un crustac\u00e9 en forme de disque dont les sp\u00e9cimens adultes peuvent atteindre un diam\u00e8tre de 10 mm. C&rsquo;est un parasite commun. Les larves comme les adultes ont une \u00e9pine dorsale avec des glandes \u00e0 poison entre les yeux. Ils percent la peau des ko\u00efs et sucent le sang pour se nourrir. Des inflammations rouge\u00e2tres apparaissent qui, si elles ne sont pas prises en charge, peuvent entra\u00eener des infections secondaires. Les poux de poisson peuvent provoquer une telle irritation que les ko\u00efs se frottent et sautent m\u00eame hors de l&rsquo;eau.     <\/p>\n<h3>Douve de la peau (Gyrodactylus)<\/h3>\n<p>Gyrodactylus trematodes est un ver suceur de 0,3-0,5 mm qui est vivipare et peut se reproduire extr\u00eamement rapidement. Le ver de la peau met ses hame\u00e7ons dans le poisson. Cela provoque une irritation de la peau. Le poisson produit davantage de mucus, ce qui rend la peau trouble.   <\/p>\n<h3>Dactylogrammes des branchies (Dactylogyrus)<\/h3>\n<p>La douve branchiale est ovipare. Il endommage les branchies, qui s&rsquo;\u00e9paississent et ne peuvent plus fonctionner correctement. <\/p>\n<h3>Vers ronds ou filiformes (N\u00e9matodes)<\/h3>\n<p>Les vers provoquent une grave inflammation des organes internes, tant au stade larvaire qu&rsquo;au stade adulte. En cons\u00e9quence, leur fonction est alt\u00e9r\u00e9e. Au d\u00e9but, les poissons deviennent tr\u00e8s \u00e9maci\u00e9s. Ensuite, les poissons deviennent l\u00e9thargiques, montrent des signes d&rsquo;\u00e9puisement et perdent leur app\u00e9tit.   <\/p>\n<h3>Point blanc<\/h3>\n<p>Peut-\u00eatre la maladie la plus connue, elle est caus\u00e9e par un organisme unicellulaire qui est pourvu de cils tout autour. Le White Spot a surtout sa chance en cas de r\u00e9sistance r\u00e9duite, de changements de temp\u00e9rature, de changement complet de filtre, de remplissage trop rapide de l&rsquo;eau froide, d&rsquo;infection par un nouveau stock de poissons, de transfert de Nishikigoi dans un bassin sans \u00e9quilibre biologique. (un syst\u00e8me de filtration qui n&rsquo;a pas \u00e9t\u00e9 rod\u00e9). La mauvaise qualit\u00e9 de l&rsquo;eau et surtout le stress sont des facteurs tr\u00e8s importants.   <\/p>\n<h3>Trichodina<\/h3>\n<p>Ce parasite se trouve sur la peau et les branchies. Il utilise le poisson comme moyen de transport, au cours duquel il se fixe sur le poisson et endommage la muqueuse. L&rsquo;eau pollu\u00e9e des \u00e9tangs est \u00e9galement un bon habitat pour le parasite Trichodina.  <\/p>\n<h3>Costia ou \u00e9rosion cutan\u00e9e<\/h3>\n<p>Un parasite unicellulaire externe. En cas d&rsquo;infection massive, on trouve quelques taches grises sur la peau, qui deviennent ensuite des taches rouges et, \u00e0 un stade ult\u00e9rieur, provoquent des plaies sanglantes. G\u00e9n\u00e9ralement, cette blessure est ensuite recouverte d&rsquo;un champignon. Parfois, la Costia est \u00e9galement observ\u00e9e sur les branchies. La mortalit\u00e9 des poissons peut \u00eatre \u00e9lev\u00e9e avec cette maladie, car des infections bact\u00e9riennes en r\u00e9sultent \u00e9galement. Les poissons culbutent ou s&rsquo;\u00e9raflent sur le fond, et dans une \u00e9tape ult\u00e9rieure, ils commencent \u00e0 perdre du poids. Les poissons s&rsquo;agitent et ont des difficult\u00e9s \u00e0 respirer, ils s&rsquo;accrochent \u00e0 la surface et hal\u00e8tent.      <\/p>\n<h3>Chilodonella<\/h3>\n<p>Un parasite unicellulaire de forme ovale. En cas d&rsquo;infection massive, le parasite est mortel. Le parasite se trouve le plus souvent sur les branchies. L&rsquo;infection se produit par transmission imm\u00e9diate. Si vous avez un poisson faible \u00e0 ce moment-l\u00e0, la maladie peut se d\u00e9clarer.    <\/p>\n<p>[\/et_pb_text][\/et_pb_column][\/et_pb_row][\/et_pb_section]<\/p>\n","protected":false},"excerpt":{"rendered":"<p>[et_pb_section fb_built=\u00a0\u00bb1&Prime; admin_label=\u00a0\u00bbsection\u00a0\u00bb _builder_version=\u00a0\u00bb3.22&Prime;][et_pb_row admin_label=\u00a0\u00bbrow\u00a0\u00bb _builder_version=\u00a0\u00bb3.25&Prime; background_size=\u00a0\u00bbinitial\u00a0\u00bb background_position=\u00a0\u00bbtop_left\u00a0\u00bb background_repeat=\u00a0\u00bbrepeat\u00a0\u00bb][et_pb_column type=\u00a0\u00bb4_4&Prime; _builder_version=\u00a0\u00bb3.25&Prime; custom_padding=\u00a0\u00bb|||\u00a0\u00bb custom_padding__hover=\u00a0\u00bb|||\u00a0\u00bb][et_pb_text admin_label=\u00a0\u00bbText\u00a0\u00bb _builder_version=\u00a0\u00bb4.9.7&Prime; background_size=\u00a0\u00bbinitial\u00a0\u00bb background_position=\u00a0\u00bbtop_left\u00a0\u00bb background_repeat=\u00a0\u00bbrepeat\u00a0\u00bb] Lernae Les vers de l&rsquo;ancre sont l&rsquo;un des parasites les plus notoires qui peuvent attaquer nos poissons. Ils se fixent aux tissus de la peau \u00e0 l&rsquo;aide de crochets. Lorsque le ver de l&rsquo;ancre s&rsquo;enfonce dans le [&hellip;]<\/p>\n","protected":false},"author":1,"featured_media":0,"parent":0,"menu_order":0,"comment_status":"closed","ping_status":"closed","template":"","meta":{"_et_pb_use_builder":"on","_et_pb_old_content":"","_et_gb_content_width":"","footnotes":""},"class_list":["post-1509","page","type-page","status-publish","hentry"],"_links":{"self":[{"href":"https:\/\/www.houseofkata.com\/fr\/wp-json\/wp\/v2\/pages\/1509","targetHints":{"allow":["GET"]}}],"collection":[{"href":"https:\/\/www.houseofkata.com\/fr\/wp-json\/wp\/v2\/pages"}],"about":[{"href":"https:\/\/www.houseofkata.com\/fr\/wp-json\/wp\/v2\/types\/page"}],"author":[{"embeddable":true,"href":"https:\/\/www.houseofkata.com\/fr\/wp-json\/wp\/v2\/users\/1"}],"replies":[{"embeddable":true,"href":"https:\/\/www.houseofkata.com\/fr\/wp-json\/wp\/v2\/comments?post=1509"}],"version-history":[{"count":0,"href":"https:\/\/www.houseofkata.com\/fr\/wp-json\/wp\/v2\/pages\/1509\/revisions"}],"wp:attachment":[{"href":"https:\/\/www.houseofkata.com\/fr\/wp-json\/wp\/v2\/media?parent=1509"}],"curies":[{"name":"wp","href":"https:\/\/api.w.org\/{rel}","templated":true}]}}