{"id":1544,"date":"2021-08-02T14:32:52","date_gmt":"2021-08-02T14:32:52","guid":{"rendered":"https:\/\/www.houseofkata.com\/critiques\/"},"modified":"2021-08-02T14:32:56","modified_gmt":"2021-08-02T14:32:56","slug":"critiques","status":"publish","type":"page","link":"https:\/\/www.houseofkata.com\/fr\/critiques\/","title":{"rendered":"Critiques"},"content":{"rendered":"<p>[et_pb_section fb_built=\u00a0\u00bb1&Prime; _builder_version=\u00a0\u00bb4.9.7&Prime; _module_preset=\u00a0\u00bbdefault\u00a0\u00bb background_color=\u00a0\u00bbrgba(0,0,0,0.04)\u00a0\u00bb][et_pb_row _builder_version=\u00a0\u00bb4.9.7&Prime; _module_preset=\u00a0\u00bbdefault\u00a0\u00bb][et_pb_column type=\u00a0\u00bb4_4&Prime; _builder_version=\u00a0\u00bb4.9.7&Prime; _module_preset=\u00a0\u00bbdefault\u00a0\u00bb][et_pb_text _builder_version=\u00a0\u00bb4.9.7&Prime; _module_preset=\u00a0\u00bbdefault\u00a0\u00bb header_3_line_height=\u00a0\u00bb1.2em\u00a0\u00bb]<\/p>\n<h3>Lisez ci-dessous les exp\u00e9riences des utilisateurs des produits House of Kata. Nos utilisateurs sont r\u00e9partis dans le monde entier. <\/h3>\n<h3>Nous aimerions conna\u00eetre vos exp\u00e9riences. Veuillez les laisser <a style=\"color: #822530\" target=\"_blank\" href=\"https:\/\/www.google.com\/search?q=house+of+kata&amp;oq=house+of+kata&amp;aqs=chrome.0.69i59j0l4j69i61j69i60j69i61.1361j0j7&amp;sourceid=chrome&amp;ie=UTF-8#lrd=0x47c632e48521c6bf:0x5a7965e3bde3c227,3,,,\" rel=\"noopener\">ici<\/a>. <\/h3>\n<p>[\/et_pb_text][\/et_pb_column][\/et_pb_row][\/et_pb_section][et_pb_section fb_built=\u00a0\u00bb1&Prime; _builder_version=\u00a0\u00bb4.9.7&Prime; _module_preset=\u00a0\u00bbdefault\u00a0\u00bb][et_pb_row _builder_version=\u00a0\u00bb4.9.7&Prime; _module_preset=\u00a0\u00bbdefault\u00a0\u00bb][et_pb_column type=\u00a0\u00bb4_4&Prime; _builder_version=\u00a0\u00bb4.9.7&Prime; _module_preset=\u00a0\u00bbdefault\u00a0\u00bb][et_pb_team_member name=\u00a0\u00bbHenk &amp; Marianne Timmer\u00a0\u00bb position=\u00a0\u00bbHenk : Gardien de grands clubs de football tels que l&rsquo;AZ, l&rsquo;Ajax et le Feyenoord | Marianne : Multiple championne et m\u00e9daill\u00e9e d&rsquo;or olympique en patinage de vitesse\u00a0\u00bb image_url=\u00a0\u00bbhttps:\/\/www.houseofkata.com\/wp-content\/uploads\/2021\/07\/0006_vlag-nederland.jpg\u00a0\u00bb _builder_version=\u00a0\u00bb4.9.7&Prime; _module_preset=\u00a0\u00bbdefault\u00a0\u00bb position_font=\u00a0\u00bbArchitects Daughter||||||||\u00a0\u00bb position_text_color=\u00a0\u00bb#822530&Prime; position_font_size=\u00a0\u00bb17px\u00a0\u00bb body_link_text_color=\u00a0\u00bb#822530&Prime; width=\u00a0\u00bb100%\u00a0\u00bb]<\/p>\n<p>Nous avons consciemment choisi pour les produits de House Of Kata. Nous nous reconnaissons dans l&rsquo;utilisation d&rsquo;ingr\u00e9dients naturels dans cette nourriture pour ko\u00efs. En tant que sportifs de haut niveau, nous savons qu&rsquo;une alimentation de qualit\u00e9 est indispensable pour obtenir des performances de haut niveau. Chaque branche du sport n\u00e9cessite un rapport nutritionnel optimal entre les prot\u00e9ines, les glucides, les lipides, l&rsquo;humidit\u00e9, les min\u00e9raux, les vitamines et autres compl\u00e9ments. Gr\u00e2ce \u00e0 cette connaissance d&rsquo;une alimentation \u00e9quilibr\u00e9e pour nous-m\u00eames, nous savons ce qu&rsquo;il faut donner \u00e0 nos ko\u00efs.    <\/p>\n<p>Marianne est une pro de l&rsquo;alimentation \u00e9quilibr\u00e9e, comme le montre son livre \u00ab\u00a0Leef je Fit\u00a0\u00bb. Dans ce livre, elle offre au lecteur un aper\u00e7u du monde d&rsquo;un athl\u00e8te de haut niveau. Elle vous aide \u00e0 vous orienter vers une vie plus saine. M\u00eame si nous ne sommes pas tous des athl\u00e8tes de haut niveau, tout le monde a besoin d&rsquo;une bonne alimentation et de quelques \u00e9l\u00e9ments de base pour mener une vie plus saine.   <\/p>\n<p>[\/et_pb_team_member][et_pb_team_member name=\u00a0\u00bbThomas Bohsen\u00a0\u00bb position=\u00a0\u00bbConsul de Koi \/ Koisan Danemark\u00a0\u00bb image_url=\u00a0\u00bbhttps:\/\/www.houseofkata.com\/wp-content\/uploads\/2021\/07\/0005_denmark-flag.jpg\u00a0\u00bb _builder_version=\u00a0\u00bb4.9.7&Prime; _module_preset=\u00a0\u00bbdefault\u00a0\u00bb position_font=\u00a0\u00bbArchitects Daughter||||||||\u00a0\u00bb position_text_color=\u00a0\u00bb#822530&Prime; position_font_size=\u00a0\u00bb17px\u00a0\u00bb width=\u00a0\u00bb100%\u00a0\u00bb]<\/p>\n<p>Nous avons commenc\u00e9 \u00e0 utiliser les aliments House Of Kata pour nourrir nos ko\u00efs il y a des ann\u00e9es et nous n&rsquo;avons rien utilis\u00e9 d&rsquo;autre depuis. De 2007 \u00e0 2013, nous avons remport\u00e9 573 prix : 9 x Grand Champion, 2 x Jumbo Champion, 5 x Supreme Champion, 7 x Champion adulte, 3 x Mature Champion, 2 x Young Chamion, 10 x Baby Champion, 1 x Most Unique Koi, 2 x Junior Tategoi, 1 x Senior Tategoion lors de diverses expositions : Holland Koi Show, Interkoi Germany, Euro Region Koi Show, Nordic Koi Show, Tyskland, Dansk Koi Show, Belgium indoor koi show. Tous les poissons ont \u00e9t\u00e9 nourris avec du Royal Mix.  <\/p>\n<p>En 2010, nous avons commenc\u00e9 \u00e0 tester une combinaison de Royal Mix et de Super Grower 50\/50 et nous avons constat\u00e9 des taux de croissance tr\u00e8s \u00e9lev\u00e9s et une excellente qualit\u00e9 de peau. En m\u00eame temps, nous recevons d&rsquo;excellentes r\u00e9actions de la part de nos nombreux clients satisfaits en Scandinavie et ailleurs. Il serait injuste que nous recommandions les aliments pour animaux, car nous les vendons nous-m\u00eames ; il suffit de regarder les poissons, ils racontent toujours la vraie histoire !  <\/p>\n<p>[\/et_pb_team_member][et_pb_team_member name=\u00a0\u00bbJose Antonio Saiz\u00a0\u00bb position=\u00a0\u00bbKoi Spaniard\u00a0\u00bb image_url=\u00a0\u00bbhttps:\/\/www.houseofkata.com\/wp-content\/uploads\/2021\/07\/0000_spain.jpg\u00a0\u00bb _builder_version=\u00a0\u00bb4.9.7&Prime; _module_preset=\u00a0\u00bbdefault\u00a0\u00bb position_font=\u00a0\u00bbArchitects Daughter||||||||\u00a0\u00bb position_text_color=\u00a0\u00bb#822530&Prime; position_font_size=\u00a0\u00bb17px\u00a0\u00bb width=\u00a0\u00bb100%\u00a0\u00bb]<\/p>\n<p>Je nourris mes ko\u00efs avec d&rsquo;autres amateurs espagnols depuis 2005. Les produits Supreme Propolis et Royal Mix sont mes deux pr\u00e9f\u00e9r\u00e9s. Nous avons \u00e9t\u00e9 plus que satisfaits au cours des six derni\u00e8res ann\u00e9es. Nous avons obtenu d&rsquo;excellents taux de croissance et une grande qualit\u00e9 de peau (maintien de la bonne couleur). Le blanc (Shiro) est rest\u00e9 propre et intense. Je suis \u00e9galement satisfait du peu de r\u00e9sidus laiss\u00e9s lors de l&rsquo;alimentation des ko\u00efs, ce qui est tout aussi important pour moi. J&rsquo;utilise \u00e9galement le Kamiac, qui donne d&rsquo;excellents r\u00e9sultats apr\u00e8s les changements d&rsquo;eau et contribue \u00e9galement \u00e0 augmenter la capacit\u00e9 biologique du filtre. House of Kata appara\u00eet comme une entreprise innovante, en croissance constante et offrant un tr\u00e8s bon service \u00e0 la client\u00e8le.      <\/p>\n<p>[\/et_pb_team_member][\/et_pb_column][\/et_pb_row][\/et_pb_section][et_pb_section fb_built=\u00a0\u00bb1&Prime; _builder_version=\u00a0\u00bb4.9.7&Prime; _module_preset=\u00a0\u00bbdefault\u00a0\u00bb background_color=\u00a0\u00bbrgba(0,0,0,0.04)\u00a0\u00bb][et_pb_row _builder_version=\u00a0\u00bb4.9.7&Prime; _module_preset=\u00a0\u00bbdefault\u00a0\u00bb][et_pb_column type=\u00a0\u00bb4_4&Prime; _builder_version=\u00a0\u00bb4.9.7&Prime; _module_preset=\u00a0\u00bbdefault\u00a0\u00bb][et_pb_team_member name=\u00a0\u00bbMasaru Saito\u00a0\u00bb position=\u00a0\u00bb\u00c9leveur japonais\u00a0\u00bb image_url=\u00a0\u00bbhttps:\/\/www.houseofkata.com\/wp-content\/uploads\/2021\/07\/0004_japan.jpg\u00a0\u00bb _builder_version=\u00a0\u00bb4.9.7&Prime; _module_preset=\u00a0\u00bbdefault\u00a0\u00bb position_font=\u00a0\u00bbArchitects Daughter||||||||\u00a0\u00bb position_text_color=\u00a0\u00bb#822530&Prime; position_font_size=\u00a0\u00bb17px\u00a0\u00bb width=\u00a0\u00bb100%\u00a0\u00bb]<\/p>\n<p>En 2006, Alan San (Coogan) m&rsquo;a mis en contact avec House Of Kata Koi Foods. Cette soci\u00e9t\u00e9 met des aliments pour ko\u00efs de haute qualit\u00e9 \u00e0 la disposition du grand march\u00e9 europ\u00e9en, mais aussi du reste du monde, qui semble d\u00e9couvrir cette grande marque. <\/p>\n<p>[\/et_pb_team_member][et_pb_team_member name=\u00a0\u00bbStefan Malm\u00a0\u00bb position=\u00a0\u00bbNordic Koishow\u00a0\u00bb image_url=\u00a0\u00bbhttps:\/\/www.houseofkata.com\/wp-content\/uploads\/2021\/07\/0003_zweden.jpg\u00a0\u00bb _builder_version=\u00a0\u00bb4.9.7&Prime; _module_preset=\u00a0\u00bbdefault\u00a0\u00bb position_font=\u00a0\u00bbArchitects Daughter||||||||\u00a0\u00bb position_text_color=\u00a0\u00bb#822530&Prime; position_font_size=\u00a0\u00bb17px\u00a0\u00bb width=\u00a0\u00bb100%\u00a0\u00bb]<\/p>\n<p>J&rsquo;utilise vos aliments pour mes ko\u00efs et je suis plus que satisfait du r\u00e9sultat. Ils poussent bien et la qualit\u00e9 de la peau est de 100%. <\/p>\n<p>&nbsp;<\/p>\n<p>[\/et_pb_team_member][et_pb_team_member name=\u00a0\u00bbDonald Stewart\u00a0\u00bb position=\u00a0\u00bbHobbyiste\u00a0\u00bb image_url=\u00a0\u00bbhttps:\/\/www.houseofkata.com\/wp-content\/uploads\/2021\/07\/0002_scotland.jpg\u00a0\u00bb _builder_version=\u00a0\u00bb4.9.7&Prime; _module_preset=\u00a0\u00bbdefault\u00a0\u00bb position_font=\u00a0\u00bbArchitects Daughter||||||||\u00a0\u00bb position_text_color=\u00a0\u00bb#822530&Prime; position_font_size=\u00a0\u00bb17px\u00a0\u00bb width=\u00a0\u00bb100%\u00a0\u00bb]<\/p>\n<p>Je pense que House Of Kata Royal Mix est le meilleur aliment polyvalent qui soit.<\/p>\n<p>&nbsp;<\/p>\n<p>[\/et_pb_team_member][\/et_pb_column][\/et_pb_row][\/et_pb_section][et_pb_section fb_built=\u00a0\u00bb1&Prime; _builder_version=\u00a0\u00bb4.9.7&Prime; _module_preset=\u00a0\u00bbdefault\u00a0\u00bb background_color=\u00a0\u00bb#FFFFFF\u00a0\u00bb][et_pb_row _builder_version=\u00a0\u00bb4.9.7&Prime; _module_preset=\u00a0\u00bbdefault\u00a0\u00bb][et_pb_column type=\u00a0\u00bb4_4&Prime; _builder_version=\u00a0\u00bb4.9.7&Prime; _module_preset=\u00a0\u00bbdefault\u00a0\u00bb][et_pb_team_member name=\u00a0\u00bbAlan Coogan\u00a0\u00bb position=\u00a0\u00bbAfficher le jury\u00a0\u00bb image_url=\u00a0\u00bbhttps:\/\/www.houseofkata.com\/wp-content\/uploads\/2021\/07\/0001_england.jpg\u00a0\u00bb _builder_version=\u00a0\u00bb4.9.7&Prime; _module_preset=\u00a0\u00bbdefault\u00a0\u00bb position_font=\u00a0\u00bbArchitects Daughter||||||||\u00a0\u00bb position_text_color=\u00a0\u00bb#822530&Prime; position_font_size=\u00a0\u00bb17px\u00a0\u00bb width=\u00a0\u00bb100%\u00a0\u00bb]<\/p>\n<p>J&rsquo;utilise votre nourriture pour ko\u00efs depuis environ quatre saisons maintenant (le Royal Mix et le Super Grower) et je peux dire que c&rsquo;est la meilleure nourriture que j&rsquo;ai jamais utilis\u00e9e, ce qui se traduit par une croissance et une qualit\u00e9 de peau excellentes. Les poissons sont dans une condition fantastique et comme vous le savez, nous avons gagn\u00e9 23 prix \u00e0 l&rsquo;exposition nationale, dont 10 premiers prix. Tous les prix \u00e9taient en tailles 6, 7 et 8. Nous avons \u00e9galement particip\u00e9 \u00e0 l&rsquo;Essex Koi Show o\u00f9 nous avons remport\u00e9 le Grand Champion, le Champion Mature et plusieurs autres prix. J&rsquo;ai les meilleurs chiffres de croissance depuis plusieurs ann\u00e9es, certains ko\u00efs qui ne poussaient pratiquement pas ces derni\u00e8res ann\u00e9es ont grandi de deux \u00e0 trois centim\u00e8tres. De nombreux ko\u00efs ont grandi de six \u00e0 sept centim\u00e8tres ; ce sont tous de grands ko\u00efs qui mesurent maintenant entre 77 et 87 centim\u00e8tres. Le Kigoi qui a \u00e9t\u00e9 achet\u00e9 \u00e0 la vente aux ench\u00e8res de Sakai quand vous \u00e9tiez avec moi il y a 18 mois (alors 35 centim\u00e8tres), fait maintenant 80 centim\u00e8tres et a gagn\u00e9 le meilleur Kawari Mono taille 7.      <\/p>\n<p>[\/et_pb_team_member][et_pb_team_member name=\u00a0\u00bbHeather Payne\u00a0\u00bb position=\u00a0\u00bbAfficher le jury\u00a0\u00bb image_url=\u00a0\u00bbhttps:\/\/www.houseofkata.com\/wp-content\/uploads\/2021\/07\/0001_england.jpg\u00a0\u00bb _builder_version=\u00a0\u00bb4.9.7&Prime; _module_preset=\u00a0\u00bbdefault\u00a0\u00bb position_font=\u00a0\u00bbArchitects Daughter||||||||\u00a0\u00bb position_text_color=\u00a0\u00bb#822530&Prime; position_font_size=\u00a0\u00bb17px\u00a0\u00bb width=\u00a0\u00bb100%\u00a0\u00bb]<\/p>\n<p>Depuis que je suis pass\u00e9e au Royal Mix, j&rsquo;ai remarqu\u00e9 que les mangeurs difficiles mangent mieux et ne laissent pas de restes.<\/p>\n<p>&nbsp;<\/p>\n<p>[\/et_pb_team_member][et_pb_team_member name=\u00a0\u00bbBernie Woollands\u00a0\u00bb position=\u00a0\u00bbAfficher le jury\u00a0\u00bb image_url=\u00a0\u00bbhttps:\/\/www.houseofkata.com\/wp-content\/uploads\/2021\/07\/0001_england.jpg\u00a0\u00bb _builder_version=\u00a0\u00bb4.9.7&Prime; _module_preset=\u00a0\u00bbdefault\u00a0\u00bb position_font=\u00a0\u00bbArchitects Daughter||||||||\u00a0\u00bb position_text_color=\u00a0\u00bb#822530&Prime; position_font_size=\u00a0\u00bb17px\u00a0\u00bb width=\u00a0\u00bb100%\u00a0\u00bb]<\/p>\n<p>Je teste actuellement le Royal Mix et jusqu&rsquo;\u00e0 pr\u00e9sent, tout semble prometteur.<\/p>\n<p>&nbsp;<\/p>\n<p>[\/et_pb_team_member][et_pb_team_member name=\u00a0\u00bbMr. D, Pope \u00a0\u00bb position=\u00a0\u00bbAfficher le jury\u00a0\u00bb image_url=\u00a0\u00bbhttps:\/\/www.houseofkata.com\/wp-content\/uploads\/2021\/07\/0001_england.jpg\u00a0\u00bb _builder_version=\u00a0\u00bb4.9.7&Prime; _module_preset=\u00a0\u00bbdefault\u00a0\u00bb position_font=\u00a0\u00bbArchitects Daughter||||||||\u00a0\u00bb position_text_color=\u00a0\u00bb#822530&Prime; position_font_size=\u00a0\u00bb17px\u00a0\u00bb width=\u00a0\u00bb100%\u00a0\u00bb]<\/p>\n<p>J&rsquo;aime ces aliments car ils donnent \u00e0 mes ko\u00efs une alimentation vari\u00e9e sans avoir \u00e0 acheter une s\u00e9lection d&rsquo;aliments qu&rsquo;il faut m\u00e9langer. Je suis tr\u00e8s satisfait des r\u00e9sultats obtenus jusqu&rsquo;\u00e0 pr\u00e9sent. <\/p>\n<p>[\/et_pb_team_member][\/et_pb_column][\/et_pb_row][\/et_pb_section][et_pb_section fb_built=\u00a0\u00bb1&Prime; _builder_version=\u00a0\u00bb4.9.7&Prime; _module_preset=\u00a0\u00bbdefault\u00a0\u00bb background_color=\u00a0\u00bbrgba(0,0,0,0.04)\u00a0\u00bb][et_pb_row _builder_version=\u00a0\u00bb4.9.7&Prime; _module_preset=\u00a0\u00bbdefault\u00a0\u00bb][et_pb_column type=\u00a0\u00bb4_4&Prime; _builder_version=\u00a0\u00bb4.9.7&Prime; _module_preset=\u00a0\u00bbdefault\u00a0\u00bb][et_pb_team_member name=\u00a0\u00bbHarry van Barreveld\u00a0\u00bb position=\u00a0\u00bbHobbyiste\u00a0\u00bb image_url=\u00a0\u00bbhttps:\/\/www.houseofkata.com\/wp-content\/uploads\/2021\/07\/0006_vlag-nederland.jpg\u00a0\u00bb _builder_version=\u00a0\u00bb4.9.7&Prime; _module_preset=\u00a0\u00bbdefault\u00a0\u00bb position_font=\u00a0\u00bbArchitects Daughter||||||||\u00a0\u00bb position_text_color=\u00a0\u00bb#822530&Prime; position_font_size=\u00a0\u00bb17px\u00a0\u00bb width=\u00a0\u00bb100%\u00a0\u00bb]<\/p>\n<p>Pour moi, la nourriture House Of Kata Koi est ce que le march\u00e9 a de mieux \u00e0 offrir pour le moment. Il ne laisse aucune d\u00e9coloration et pratiquement aucun d\u00e9chet, m\u00eame lors de programmes d&rsquo;alimentation intensifs. Cela signifie que les aliments sont tr\u00e8s bien dig\u00e9r\u00e9s par les ko\u00efs. Je suis plus que satisfait du d\u00e9veloppement de nos poissons ; le taux de croissance est sup\u00e9rieur \u00e0 la moyenne et le d\u00e9veloppement des couleurs est brillant.   <\/p>\n<p>En 2006, j&rsquo;ai \u00e9t\u00e9 nomm\u00e9 \u00ab\u00a0Meilleure carpe n\u00e9erlandaise\u00a0\u00bb au Hilvarenbeek Koi Show. Nous avons remport\u00e9 neuf premiers prix, sept seconds prix et un prix Champion (le meilleur de toutes les tailles). Nous n&rsquo;aurions jamais pu r\u00e9aliser cet exploit sans utiliser Super Grower et Royal mix.  <\/p>\n<p>[\/et_pb_team_member][et_pb_team_member name=\u00a0\u00bbJan van Schaik\u00a0\u00bb position=\u00a0\u00bbHobbyiste\u00a0\u00bb image_url=\u00a0\u00bbhttps:\/\/www.houseofkata.com\/wp-content\/uploads\/2021\/07\/0006_vlag-nederland.jpg\u00a0\u00bb _builder_version=\u00a0\u00bb4.9.7&Prime; _module_preset=\u00a0\u00bbdefault\u00a0\u00bb position_font=\u00a0\u00bbArchitects Daughter||||||||\u00a0\u00bb position_text_color=\u00a0\u00bb#822530&Prime; position_font_size=\u00a0\u00bb17px\u00a0\u00bb width=\u00a0\u00bb100%\u00a0\u00bb]<\/p>\n<p>Exp\u00e9riences de l&rsquo;alimentation de Royal Mix : Apr\u00e8s une saison enti\u00e8re de tests, mes exp\u00e9riences sont prometteuses. Points forts : Les poissons aiment le manger, j&rsquo;ai constat\u00e9 une grande croissance cette saison, moins de d\u00e9chets et une meilleure qualit\u00e9. J&rsquo;ai \u00e9t\u00e9 surtout impressionn\u00e9 par la qualit\u00e9 et la brillance de la peau restante. Les poissons de haute qualit\u00e9 se d\u00e9veloppent tr\u00e8s bien avec cette alimentation. Le rapport qualit\u00e9\/prix est \u00e9tonnamment bon ; cette marque peut rivaliser avec n&rsquo;importe quelle marque \u00ab\u00a0beaucoup plus ch\u00e8re\u00a0\u00bb du march\u00e9 ! Nous continuerons certainement \u00e0 utiliser ces produits \u00ab\u00a0best buy\u00a0\u00bb.     <\/p>\n<p>&nbsp;<\/p>\n<p>[\/et_pb_team_member][\/et_pb_column][\/et_pb_row][\/et_pb_section]<\/p>\n","protected":false},"excerpt":{"rendered":"<p>[et_pb_section fb_built=\u00a0\u00bb1&Prime; _builder_version=\u00a0\u00bb4.9.7&Prime; _module_preset=\u00a0\u00bbdefault\u00a0\u00bb background_color=\u00a0\u00bbrgba(0,0,0,0.04)\u00a0\u00bb][et_pb_row _builder_version=\u00a0\u00bb4.9.7&Prime; _module_preset=\u00a0\u00bbdefault\u00a0\u00bb][et_pb_column type=\u00a0\u00bb4_4&Prime; _builder_version=\u00a0\u00bb4.9.7&Prime; _module_preset=\u00a0\u00bbdefault\u00a0\u00bb][et_pb_text _builder_version=\u00a0\u00bb4.9.7&Prime; _module_preset=\u00a0\u00bbdefault\u00a0\u00bb header_3_line_height=\u00a0\u00bb1.2em\u00a0\u00bb] Lisez ci-dessous les exp\u00e9riences des utilisateurs des produits House of Kata. Nos utilisateurs sont r\u00e9partis dans le monde entier. Nous aimerions conna\u00eetre vos exp\u00e9riences. Veuillez les laisser ici. [\/et_pb_text][\/et_pb_column][\/et_pb_row][\/et_pb_section][et_pb_section fb_built=\u00a0\u00bb1&Prime; _builder_version=\u00a0\u00bb4.9.7&Prime; _module_preset=\u00a0\u00bbdefault\u00a0\u00bb][et_pb_row _builder_version=\u00a0\u00bb4.9.7&Prime; _module_preset=\u00a0\u00bbdefault\u00a0\u00bb][et_pb_column type=\u00a0\u00bb4_4&Prime; _builder_version=\u00a0\u00bb4.9.7&Prime; _module_preset=\u00a0\u00bbdefault\u00a0\u00bb][et_pb_team_member name=\u00a0\u00bbHenk &amp; Marianne Timmer\u00a0\u00bb position=\u00a0\u00bbHenk [&hellip;]<\/p>\n","protected":false},"author":1,"featured_media":0,"parent":0,"menu_order":0,"comment_status":"closed","ping_status":"closed","template":"","meta":{"_et_pb_use_builder":"on","_et_pb_old_content":"","_et_gb_content_width":"","footnotes":""},"class_list":["post-1544","page","type-page","status-publish","hentry"],"_links":{"self":[{"href":"https:\/\/www.houseofkata.com\/fr\/wp-json\/wp\/v2\/pages\/1544","targetHints":{"allow":["GET"]}}],"collection":[{"href":"https:\/\/www.houseofkata.com\/fr\/wp-json\/wp\/v2\/pages"}],"about":[{"href":"https:\/\/www.houseofkata.com\/fr\/wp-json\/wp\/v2\/types\/page"}],"author":[{"embeddable":true,"href":"https:\/\/www.houseofkata.com\/fr\/wp-json\/wp\/v2\/users\/1"}],"replies":[{"embeddable":true,"href":"https:\/\/www.houseofkata.com\/fr\/wp-json\/wp\/v2\/comments?post=1544"}],"version-history":[{"count":0,"href":"https:\/\/www.houseofkata.com\/fr\/wp-json\/wp\/v2\/pages\/1544\/revisions"}],"wp:attachment":[{"href":"https:\/\/www.houseofkata.com\/fr\/wp-json\/wp\/v2\/media?parent=1544"}],"curies":[{"name":"wp","href":"https:\/\/api.w.org\/{rel}","templated":true}]}}