{"id":1680,"date":"2021-08-05T09:59:52","date_gmt":"2021-08-05T09:59:52","guid":{"rendered":"https:\/\/www.houseofkata.com\/explication-medicaments\/"},"modified":"2021-08-05T09:59:53","modified_gmt":"2021-08-05T09:59:53","slug":"explication-medicaments","status":"publish","type":"page","link":"https:\/\/www.houseofkata.com\/fr\/explication-medicaments\/","title":{"rendered":"Explication M\u00e9dicaments"},"content":{"rendered":"<p>[et_pb_section fb_built=\u00a0\u00bb1&Prime; _builder_version=\u00a0\u00bb3.22&Prime;][et_pb_row _builder_version=\u00a0\u00bb3.25&Prime; background_size=\u00a0\u00bbinitial\u00a0\u00bb background_position=\u00a0\u00bbtop_left\u00a0\u00bb background_repeat=\u00a0\u00bbrepeat\u00a0\u00bb][et_pb_column type=\u00a0\u00bb4_4&Prime; _builder_version=\u00a0\u00bb3.25&Prime; custom_padding=\u00a0\u00bb|||\u00a0\u00bb custom_padding__hover=\u00a0\u00bb|||\u00a0\u00bb][et_pb_text _builder_version=\u00a0\u00bb4.9.7&Prime; background_size=\u00a0\u00bbinitial\u00a0\u00bb background_position=\u00a0\u00bbtop_left\u00a0\u00bb background_repeat=\u00a0\u00bbrepeat\u00a0\u00bb hover_enabled=\u00a0\u00bb0&Prime; text_orientation=\u00a0\u00bbleft\u00a0\u00bb sticky_enabled=\u00a0\u00bb0&Prime;]<\/p>\n<h2>M\u00e9dicaments<\/h2>\n<p>Nous faisons tout pour rendre la vie du Nishikigoi aussi agr\u00e9able que possible. Les syst\u00e8mes de filtration, les conditionneurs d&rsquo;eau, une bonne alimentation et un \u00e9quilibre biologique dans le bassin sont d&rsquo;une grande importance et nous y accordons beaucoup d&rsquo;attention. <\/p>\n<p>Malgr\u00e9 les bons soins que nous apportons aux Nishikigoi, ils sont sensibles \u00e0 diverses maladies et troubles parasitaires. Non seulement la r\u00e9sistance des ko\u00efs mais aussi l&rsquo;activit\u00e9 des parasites\/bact\u00e9ries sont plus \u00e9lev\u00e9es lorsque les temp\u00e9ratures estivales sont plus \u00e9lev\u00e9es. Il y a plusieurs raisons pour lesquelles les probl\u00e8mes surviennent en \u00e9t\u00e9, malgr\u00e9 de bonnes conditions. En p\u00e9riode estivale, on retrouve les parasites suivants dans le top 5 des maladies les plus courantes : Trichodina, Costia, White Spot, Chidonella et Worms. Un parasite est un organisme qui vit aux d\u00e9pens de son h\u00f4te. Le fait qu&rsquo;un parasite soit nuisible pour votre Nishikigoi est d\u00e9termin\u00e9 par le type de parasite, mais surtout par l&rsquo;immunit\u00e9 de l&rsquo;h\u00f4te.     <\/p>\n<p>En outre, de plus en plus de probl\u00e8mes bact\u00e9riens surviennent pendant les mois les plus chauds. Les principales causes de ces maladies sont les suivantes : changements ou ajouts au stock de poissons sans quarantaine, p\u00e9riodes de quarantaine trop courtes (chez les marchands ou \u00e0 la maison), temp\u00e9ratures plus \u00e9lev\u00e9es, nourriture de moindre qualit\u00e9 et mauvaise qualit\u00e9 de l&rsquo;eau. Comme pour l&rsquo;apparition des maladies au printemps, vous pouvez influencer vous-m\u00eame ce ph\u00e9nom\u00e8ne.  <\/p>\n<p>Heureusement, il existe des m\u00e9dicaments fiables pour que le Nishikigoi retrouve la sant\u00e9. Nous recommandons toujours de consulter un v\u00e9t\u00e9rinaire ou un professionnel exp\u00e9riment\u00e9 et d&rsquo;appliquer les produits m\u00e9dicinaux sous surveillance. <\/p>\n<h2>Traitement des plaies<\/h2>\n<p>Le traitement des plaies consiste \u00e0 soigner une plaie en s&rsquo;attaquant \u00e0 la cause de la plaie et en pr\u00e9venant l&rsquo;infection. Si la plaie est grave et que vous n&rsquo;avez pas d&rsquo;exp\u00e9rience dans le traitement d&rsquo;une plaie, consultez un expert. <\/p>\n<p>Les articles suivants sont n\u00e9cessaires pour le traitement des plaies :<\/p>\n<ul>\n<li>Un filet \u00e0 \u00e9cope adapt\u00e9 aux ko\u00efs<\/li>\n<li>Un koisok<\/li>\n<li>Une cuve d&rsquo;anesth\u00e9sie<\/li>\n<li>Liquide d\u00e9sinfectant (alcool \u00e0 70% ou peroxyde d&rsquo;hydrog\u00e8ne)<\/li>\n<li>Scellement de plaies \u00e0 la propolis \/ Teinture de propolis<\/li>\n<li>Narcose<\/li>\n<li>Microscope<\/li>\n<li>Lunettes<\/li>\n<li>Gants st\u00e9riles<\/li>\n<li>Pinces \u00e0 \u00e9piler<\/li>\n<li>Ciseaux<\/li>\n<li>Coton-tiges<\/li>\n<\/ul>\n<h2>Traitement appropri\u00e9 des plaies<\/h2>\n<p>Si vous allez traiter une plaie, assurez-vous d&rsquo;avoir tous les \u00e9l\u00e9ments n\u00e9cessaires \u00e0 port\u00e9e de main. Remplissez le r\u00e9cipient de traitement avec l&rsquo;eau du bassin et ajoutez la solution anesth\u00e9siante (voir le mode d&#8217;emploi). Laissez reposer pendant quelques minutes. Attrapez le ko\u00ef et transf\u00e9rez-le dans le r\u00e9servoir de traitement. Attendez que le ko\u00ef se couche sur le c\u00f4t\u00e9. Ne laissez pas le ko\u00ef reposer trop longtemps dans la solution anesth\u00e9siante. Posez le ko\u00ef sur un tissu propre et humide et couvrez sa t\u00eate.     <\/p>\n<p>Prenez le d\u00e9sinfectant et frottez-le vigoureusement dans et autour de la plaie. Retirez les \u00e9cailles d\u00e9tach\u00e9es ou cass\u00e9es. Utilisez des cotons-tiges pour nettoyer les plaies. Trempez-les dans du peroxyde d&rsquo;hydrog\u00e8ne, puis nettoyez soigneusement la plaie. Les \u00e9cailles autour de la plaie doivent \u00e9galement \u00eatre soigneusement nettoy\u00e9es. Cela signifie que le coton-tige doit \u00eatre utilis\u00e9 pour nettoyer minutieusement sous chaque \u00e9caille environnante qui peut \u00eatre atteinte avec lui. Ce n&rsquo;est que lorsque vous pouvez clairement voir que moins de salet\u00e9s proviennent de la plaie et sous les \u00e9cailles que vous pouvez parler d&rsquo;un bon traitement des plaies. Ne trempez jamais deux fois le m\u00eame c\u00f4t\u00e9 de l&rsquo;\u00e9couvillon, mais retournez-le simplement et utilisez le nouveau c\u00f4t\u00e9 propre.       <\/p>\n<p>Frottez la zone de la plaie avec un doigt, puis tamponnez la plaie avec un coton-tige contenant un liquide d\u00e9sinfectant. Appliquez une couche de Pansement \/ Teinture de Propolis sur la plaie. Attendez quelques secondes pour que la pommade fasse effet, puis remettez le ko\u00ef dans le bassin. Il faut maintenant continuer \u00e0 surveiller le ko\u00ef pour s&rsquo;assurer qu&rsquo;il se r\u00e9tablit bien.    Vous pouvez balancer le ko\u00ef d&rsquo;avant en arri\u00e8re sous la surface de l&rsquo;eau pendant quelques minutes, ce qui permet de rincer les branchies et le ko\u00ef reprendra ses esprits plus rapidement.<br \/>La propolis utilis\u00e9e par House of Kata est garantie sans cire. Vous pouvez donc l&rsquo;utiliser en toute s\u00e9curit\u00e9 pour votre Nishikigoi sans risquer de coller les rabats des branchies.<\/p>\n<h3>Quelques conseils importants :<\/h3>\n<ul>\n<li>Si le ko\u00ef reste hors de l&rsquo;eau plus longtemps que pr\u00e9vu, faites r\u00e9guli\u00e8rement couler un peu d&rsquo;eau dans ses branchies.<\/li>\n<li>Ne placez jamais plusieurs ko\u00efs dans le m\u00eame box d&rsquo;\u00e9tourdissement.<\/li>\n<li>Ne perdez jamais de vue les ko\u00efs \u00e9tourdis.<\/li>\n<li>En cas de doute, consultez un sp\u00e9cialiste.<\/li>\n<\/ul>\n<p><em>House Of Kata Koi Products n&rsquo;est pas responsable du traitement.<\/em><\/p>\n<p>[\/et_pb_text][\/et_pb_column][\/et_pb_row][\/et_pb_section]<\/p>\n","protected":false},"excerpt":{"rendered":"<p>[et_pb_section fb_built=\u00a0\u00bb1&Prime; _builder_version=\u00a0\u00bb3.22&Prime;][et_pb_row _builder_version=\u00a0\u00bb3.25&Prime; background_size=\u00a0\u00bbinitial\u00a0\u00bb background_position=\u00a0\u00bbtop_left\u00a0\u00bb background_repeat=\u00a0\u00bbrepeat\u00a0\u00bb][et_pb_column type=\u00a0\u00bb4_4&Prime; _builder_version=\u00a0\u00bb3.25&Prime; custom_padding=\u00a0\u00bb|||\u00a0\u00bb custom_padding__hover=\u00a0\u00bb|||\u00a0\u00bb][et_pb_text _builder_version=\u00a0\u00bb4.9.7&Prime; background_size=\u00a0\u00bbinitial\u00a0\u00bb background_position=\u00a0\u00bbtop_left\u00a0\u00bb background_repeat=\u00a0\u00bbrepeat\u00a0\u00bb hover_enabled=\u00a0\u00bb0&Prime; text_orientation=\u00a0\u00bbleft\u00a0\u00bb sticky_enabled=\u00a0\u00bb0&Prime;] M\u00e9dicaments Nous faisons tout pour rendre la vie du Nishikigoi aussi agr\u00e9able que possible. Les syst\u00e8mes de filtration, les conditionneurs d&rsquo;eau, une bonne alimentation et un \u00e9quilibre biologique dans le bassin sont d&rsquo;une grande importance et nous [&hellip;]<\/p>\n","protected":false},"author":1,"featured_media":0,"parent":0,"menu_order":0,"comment_status":"closed","ping_status":"closed","template":"","meta":{"_et_pb_use_builder":"on","_et_pb_old_content":"","_et_gb_content_width":"","footnotes":""},"class_list":["post-1680","page","type-page","status-publish","hentry"],"_links":{"self":[{"href":"https:\/\/www.houseofkata.com\/fr\/wp-json\/wp\/v2\/pages\/1680","targetHints":{"allow":["GET"]}}],"collection":[{"href":"https:\/\/www.houseofkata.com\/fr\/wp-json\/wp\/v2\/pages"}],"about":[{"href":"https:\/\/www.houseofkata.com\/fr\/wp-json\/wp\/v2\/types\/page"}],"author":[{"embeddable":true,"href":"https:\/\/www.houseofkata.com\/fr\/wp-json\/wp\/v2\/users\/1"}],"replies":[{"embeddable":true,"href":"https:\/\/www.houseofkata.com\/fr\/wp-json\/wp\/v2\/comments?post=1680"}],"version-history":[{"count":0,"href":"https:\/\/www.houseofkata.com\/fr\/wp-json\/wp\/v2\/pages\/1680\/revisions"}],"wp:attachment":[{"href":"https:\/\/www.houseofkata.com\/fr\/wp-json\/wp\/v2\/media?parent=1680"}],"curies":[{"name":"wp","href":"https:\/\/api.w.org\/{rel}","templated":true}]}}