{"id":1686,"date":"2021-08-05T10:23:48","date_gmt":"2021-08-05T10:23:48","guid":{"rendered":"https:\/\/www.houseofkata.com\/ingredients-expliques\/"},"modified":"2021-08-09T08:09:11","modified_gmt":"2021-08-09T08:09:11","slug":"ingredients-expliques","status":"publish","type":"page","link":"https:\/\/www.houseofkata.com\/fr\/ingredients-expliques\/","title":{"rendered":"Ingr\u00e9dients expliqu\u00e9s"},"content":{"rendered":"<p>[et_pb_section fb_built=\u00a0\u00bb1&Prime; _builder_version=\u00a0\u00bb3.22&Prime;][et_pb_row _builder_version=\u00a0\u00bb3.25&Prime; background_size=\u00a0\u00bbinitial\u00a0\u00bb background_position=\u00a0\u00bbtop_left\u00a0\u00bb background_repeat=\u00a0\u00bbrepeat\u00a0\u00bb][et_pb_column type=\u00a0\u00bb4_4&Prime; _builder_version=\u00a0\u00bb3.25&Prime; custom_padding=\u00a0\u00bb|||\u00a0\u00bb custom_padding__hover=\u00a0\u00bb|||\u00a0\u00bb][et_pb_text _builder_version=\u00a0\u00bb4.9.7&Prime; background_size=\u00a0\u00bbinitial\u00a0\u00bb background_position=\u00a0\u00bbtop_left\u00a0\u00bb background_repeat=\u00a0\u00bbrepeat\u00a0\u00bb text_orientation=\u00a0\u00bbleft\u00a0\u00bb]<\/p>\n<h2>House Of Kata Feeds<\/h2>\n<p><strong>Pourquoi les flux de House of Kata sont de haute qualit\u00e9. <\/strong><br \/>Vous avez soigneusement s\u00e9lectionn\u00e9 vos poissons pour une certaine esp\u00e8ce, un certain motif de couleur et\/ou une certaine taille. Et dans votre bassin, vos bijoux m\u00e9ritent le meilleur que vous puissiez donner. Naturellement, vous voulez des poissons sains qui peuvent \u00e9galement encaisser des coups gr\u00e2ce \u00e0 leur r\u00e9sistance accrue. Et vous voulez que votre Nishikigoi grandisse bien, n&rsquo;est-ce pas ? Et devient un gros bonnet ?<\/p>\n<p>House Of Kata Koi Products a r\u00e9ussi \u00e0 introduire une ligne d&rsquo;alimentation compl\u00e8te qui r\u00e9pond \u00e0 tous vos besoins et \u00e0 ceux du Nishikigoi. Parce que la nourriture House of Kata contient tout ce dont votre Nishikigoi a besoin comme alimentation quotidienne, elle est \u00e9conomique en consommation. Nous avons r\u00e9ussi \u00e0 ajouter des produits naturels tels que la propolis, l&rsquo;ail et la z\u00e9olite \u00e0 l&rsquo;alimentation quotidienne. House of Kata a encore d\u00e9velopp\u00e9 une recette d&rsquo;aliments pour poissons de haute qualit\u00e9. Cela a donn\u00e9 lieu \u00e0 une gamme compl\u00e8te d&rsquo;aliments Nishikigoi, adapt\u00e9s \u00e0 chaque moment d&rsquo;utilisation et aux diverses influences saisonni\u00e8res.<\/p>\n<h3>Processus de la plus haute qualit\u00e9<\/h3>\n<p>Tous les produits nomm\u00e9s Kata Koi Foods et Kata Koi Care sont soigneusement produits sous GMP (Good Manufacturing Practice). Cette m\u00e9thode de production garantit une qualit\u00e9 de produit tr\u00e8s \u00e9lev\u00e9e. Ainsi, nous vous garantissons le meilleur produit pour votre Nishikigoi, dans le but de cr\u00e9er un environnement de vie optimal.<\/p>\n<h3>Enregistr\u00e9 NVWA<\/h3>\n<p>La Nederlandse Voedsel- en Warenautoriteit (NVWA) (Autorit\u00e9 N\u00e9erlandaise sur les denr\u00e9es alimentaires) veille sur la sant\u00e9 des animaux et des plantes, le bien \u00eatre animal et la s\u00e9curit\u00e9 des aliments et produits de consommation, et maintien la l\u00e9gislation en mati\u00e8re de nature. Les pollutions dans les aliments pour animaux peuvent pr\u00e9senter un danger aussi pour les humains. Les entreprises de ce secteur doivent donc v\u00e9rifier si leurs mati\u00e8res premi\u00e8res sont propres, et construire leurs processus de production selon les principes de l\u2019HACCP. La NVWA inspecte les moyens de production des entreprises et v\u00e9rifie la composition des mati\u00e8res premi\u00e8res et des aliments pour animaux. Pour la NVWA il est important de savoir quels risques pour la s\u00e9curit\u00e9 des aliments, des produits et la sant\u00e9 animale sont en balance dans le syst\u00e8me de production des entreprises.  <\/p>\n<p>C\u2019est une condition pour pouvoir effectuer une supervision efficace. Pour cette raison les entreprises doivent demander une reconnaissance, un enregistrement une exemption ou une autorisation aupr\u00e8s de la NVWA.   <br \/><strong>Nous sommes enregistr\u00e9s sous le num\u00e9ro : NVWA NR <span>211434<\/span><\/strong><\/p>\n<p>Nos aliments de qualit\u00e9 sup\u00e9rieure sont produits en petits lots et emball\u00e9s sur commande, ils sont donc toujours frais. House Of Kata Koi Foods est conditionn\u00e9 dans des sacs refermables reconnaissables.<\/p>\n<p><strong>Avantages de la Maison de Kata :<\/strong><\/p>\n<ul>\n<li>Probiotique<\/li>\n<li>Active le syst\u00e8me immunitaire<\/li>\n<li>Forme une r\u00e9sistance active<\/li>\n<li>Une meilleure digestion<\/li>\n<li>Haute digestibilit\u00e9<\/li>\n<li>Mati\u00e8re f\u00e9cale encapsul\u00e9e<\/li>\n<li>Moins de pression sur la qualit\u00e9 de l&rsquo;eau<\/li>\n<li>Valeur nutritionnelle \u00e9lev\u00e9e<\/li>\n<li>Am\u00e9lioration de la qualit\u00e9 de la peau<\/li>\n<li>Am\u00e9lioration du d\u00e9veloppement des couleurs<\/li>\n<li>Une meilleure croissance<\/li>\n<li>Longue flottaison<\/li>\n<li>\u00c9conomique \u00e0 l&rsquo;usage<\/li>\n<\/ul>\n<h3>Montant exact<\/h3>\n<p>Les poissons ne meurent jamais de faim, mais souvent de suralimentation. C&rsquo;est devenu un slogan, dont beaucoup ont fait l&rsquo;exp\u00e9rience des cons\u00e9quences. Pour une croissance et un entretien optimaux, un Nishikigoi a besoin de 1 \u00e0 3 % par jour, les tr\u00e8s jeunes Koi jusqu&rsquo;\u00e0 7 %, mais par exemple, la m\u00eame quantit\u00e9 d&rsquo;eau est n\u00e9cessaire pour le reste de la journ\u00e9e. Les ko\u00efs Jumbo n&rsquo;ont besoin que d&rsquo;un demi pour cent de leur poids corporel en nourriture. Malgr\u00e9 l&rsquo;utilisation d&rsquo;un petit granul\u00e9 id\u00e9al facilement digestible, nous ne recommandons pas de donner \u00e0 votre poisson plus que ce qu&rsquo;il peut consommer en 5 minutes. Il est pr\u00e9f\u00e9rable de donner au poisson un peu moins de nourriture plusieurs fois qu&rsquo;une grande quantit\u00e9 une seule fois. Apr\u00e8s tout, les poissons n&rsquo;ont pas d&rsquo;estomac et ne peuvent donc pas dig\u00e9rer beaucoup d&rsquo;aliments \u00e0 la fois. La nourriture non dig\u00e9r\u00e9e se retrouve dans l&rsquo;eau de votre bassin et ne fait qu&rsquo;entra\u00eener une pollution de l&rsquo;eau. En suivant ces conseils, vous b\u00e9n\u00e9ficierez d&rsquo;une meilleure qualit\u00e9 d&rsquo;eau et donc d&rsquo;un Nishigikoi plus sain.<\/p>\n<p>Une alimentation aussi vari\u00e9e que possible. Chaque type d&rsquo;aliment poss\u00e8de, en plus de l&rsquo;alimentation quotidienne, une qualit\u00e9 suppl\u00e9mentaire qui am\u00e9liorera et prolongera la vie de votre Nishikigoi.<\/p>\n<p>Les recherches montrent que l&rsquo;alimentation en petits granul\u00e9s contribue \u00e0 am\u00e9liorer la digestion des poissons, qu&rsquo;ils soient grands ou petits. House of Kata utilise ce petit granul\u00e9 id\u00e9al. Cela pr\u00e9sente l&rsquo;avantage d&rsquo;une moindre pollution de l&rsquo;eau, d&rsquo;une meilleure qualit\u00e9 de l&rsquo;eau et donc d&rsquo;un Nishikigoi plus sain. En outre, vous pouvez profiter de l&rsquo;alimentation et avoir plus de temps pour inspecter vos poissons. Les granul\u00e9s ont un long temps de flottaison, ce qui vous permet de voir facilement quelle quantit\u00e9 est mang\u00e9e et par qui. Si un poisson particulier ne mange pas ou mal, cela peut indiquer une maladie. Lorsque les poissons doivent remonter pour manger, vous pouvez les admirer et v\u00e9rifier qu&rsquo;ils ne sont pas malades ou bless\u00e9s. En outre, vous ne trouverez pas de granul\u00e9s ou de parties de granul\u00e9s non dig\u00e9r\u00e9s dans les selles, comme c&rsquo;est souvent le cas avec les gros granul\u00e9s.<\/p>\n<h2>Explication des ingr\u00e9dients<\/h2>\n<p><strong>Prot\u00e9ines<\/strong><br \/>Les prot\u00e9ines sont en fait des acides amin\u00e9s. Un total de 20, mais 13 d&rsquo;entre eux sont vitaux. Ces acides amin\u00e9s assurent la croissance, la r\u00e9paration des tissus endommag\u00e9s et la production d&rsquo;\u0153ufs ou de graines. Une p\u00e9nurie d&rsquo;acides amin\u00e9s et donc de prot\u00e9ines perturbe la croissance du Nishikigoi. Si c&rsquo;est le cas pendant une longue p\u00e9riode, cela peut entra\u00eener une d\u00e9formation de la colonne vert\u00e9brale.<\/p>\n<p><strong>Glucides<\/strong><br \/>Les hydrates de carbone contenus dans l&rsquo;alimentation sont essentiels pour l&rsquo;\u00e9nergie des poissons, mais les Nishikigoi ne les convertissent pas rapidement. Trop d&rsquo;hydrates de carbone peuvent causer des dommages au foie. Il peut \u00e9galement provoquer un stockage \u00e9norme de ces substances sous forme de glycog\u00e8ne pouvant entra\u00eener un arr\u00eat cardiaque.<\/p>\n<p><strong>Graisses<\/strong><br \/>Les graisses sont la base de l&rsquo;\u00e9nergie et, \u00e0 ce titre, fournissent les acides gras triglic\u00e9ride et phospholipinol. Ce sont les composants les plus importants pour la croissance des parois cellulaires. Les graisses sont moins dangereuses pour les poissons que pour les humains, et pour nos Nishikigoi, elles sont facilement digestibles en raison de leur faible point de fusion. Un inconv\u00e9nient est que les graisses ou les acides gras s&rsquo;oxydent lorsqu&rsquo;ils sont expos\u00e9s \u00e0 l&rsquo;oxyg\u00e8ne et deviennent ainsi nuisibles \u00e0 la sant\u00e9 de votre Nishikigoi. Il est donc important de ne pas acheter les aliments pour animaux en trop grandes quantit\u00e9s.<\/p>\n<p><strong>Vitamines<\/strong><br \/>Ceux-ci sont d&rsquo;une grande importance pour le m\u00e9tabolisme et la croissance normaux du Nishikigoi, en particulier pendant la p\u00e9riode de frai. Ceux-ci sont d&rsquo;une grande importance pour le m\u00e9tabolisme et la croissance normaux du Nishikigoi, en particulier pendant la p\u00e9riode de frai. Il existe deux types de vitamines : celles qui se dissolvent dans l&rsquo;eau et celles qui se dissolvent dans les graisses. Ce dernier est lentement transform\u00e9 par le poisson et stock\u00e9 dans les graisses corporelles. Un manque de vitamines ne se produit pas facilement.<br \/>Les aliments pour ko\u00efs de House of Kata contiennent toutes les vitamines essentielles en quantit\u00e9 suffisante pour que vos poissons restent en bonne sant\u00e9 toute l&rsquo;ann\u00e9e.<\/p>\n<p><strong>Min\u00e9raux<\/strong><br \/>Les min\u00e9raux ont des fonctions diff\u00e9rentes. Ils veillent, entre autres, \u00e0 la constitution du squelette, \u00e0 la formation des nerfs et au maintien d&rsquo;un bon m\u00e9tabolisme. House of Kata Koi foods veille \u00e0 ce que, lors du processus de pr\u00e9paration des granul\u00e9s, les min\u00e9raux soient ajout\u00e9s dans les bonnes proportions sous forme de cendres.<\/p>\n<p><strong>Renforceurs de couleur<\/strong><br \/>Pour pr\u00e9server les couleurs, des substances sont ajout\u00e9es au processus de pr\u00e9paration qui permettent de conserver les couleurs naturelles du poisson. Un composant important qui est ajout\u00e9 est le carot\u00e8ne, qui renforce les cellules pigmentaires rouges de votre Nishikigoi. Une autre substance ajout\u00e9e est la spiruline, qui est \u00e9galement ajout\u00e9e pour renforcer les parties du pigment rouge sans affecter les parties blanches. Poivrons : les poivrons rouges contiennent plus de deux fois plus de vitamine C et plus de trois fois plus de vitamine A que les poivrons verts.<\/p>\n<p><strong>Chlorella<\/strong><br \/>La chlorelle est une source alimentaire de haute qualit\u00e9, compos\u00e9e de plus de 50 % de prot\u00e9ines et de b\u00eata-carot\u00e8ne (pro-vitamine A) et de vitamine B12 naturelles. La chlorelle contient \u00e9galement 19 acides amin\u00e9s et acides gras. Utilis\u00e9 depuis des ann\u00e9es pour les humains et les animaux. Des recherches fr\u00e9quentes ont montr\u00e9 que la Chlorella contribue de mani\u00e8re tr\u00e8s positive au bien-\u00eatre du Nishikigoi.<\/p>\n<p><strong>Z\u00e9olite<\/strong><br \/>Il s&rsquo;agit d&rsquo;une roche min\u00e9rale qui a une capacit\u00e9 d&rsquo;absorption. Il peut fixer l&rsquo;ammonium. Il s&rsquo;agit d&rsquo;une filtration chimique qui purifie l&rsquo;eau en absorbant les substances chimiques.<\/p>\n<p><strong>Propolis<\/strong><br \/>La propolis est un antibiotique naturel : antiviral et antifongique, aspirine naturelle, stimule le thymus, augmentant l&rsquo;immunit\u00e9 et la r\u00e9sistance aux infections. Il supprime la formation de la prostaglandine, qui joue un r\u00f4le dans la douleur, l&rsquo;inflammation et les maladies cardiovasculaires. Contient des bioflavono\u00efdes : augmente l&rsquo;effet de la vitamine C qui prot\u00e8ge contre les infections, pr\u00e9vient les saignements, aide \u00e0 r\u00e9duire les petites veines \u00e9clat\u00e9es et dilate les vaisseaux sanguins, am\u00e9liorant ainsi la circulation sanguine.<\/p>\n<p>La propolis a une influence positive sur le syst\u00e8me immunitaire en g\u00e9n\u00e9ral et sur le foie, le syst\u00e8me immunitaire, la capacit\u00e9 d&rsquo;auto-nettoyage du corps, la pr\u00e9vention et la gu\u00e9rison de l&rsquo;hydropisie et de la pourriture des nageoires, le d\u00e9veloppement des os et la qualit\u00e9 de la peau. La propolis est \u00e9galement disponible sous forme de pommade.<br \/>Excellente source d&rsquo;histamine : provoque la dilatation des vaisseaux sanguins et contracte les muscles flasques. Elle est lib\u00e9r\u00e9e en grande quantit\u00e9 apr\u00e8s une l\u00e9sion de la peau ; excellente source de s\u00e9rotonine : on pense qu&rsquo;elle joue un r\u00f4le dans l&rsquo;inflammation comme l&rsquo;histamine et agit \u00e9galement comme un neurotransmetteur : important pour le processus de sommeil. La propolis utilis\u00e9e par House of Kata est garantie sans cire. Vous pouvez donc l&rsquo;utiliser en toute s\u00e9curit\u00e9 pour votre Nishikigoi sans risquer de coller les rabats des branchies.<\/p>\n<p><strong>Ail<\/strong><br \/>Les Chinois, les Grecs anciens et les Romains utilisaient d\u00e9j\u00e0 l&rsquo;ail contre toutes sortes d&rsquo;affections telles que les infections, les plaies et les ulc\u00e8res. L&rsquo;ail est une riche source de vitamines A, B1, B2, B3 et C. Ajouter de l&rsquo;ail \u00e0 l&rsquo;alimentation purifie les intestins. Cela a l&rsquo;avantage d&rsquo;augmenter la vitalit\u00e9 et la r\u00e9sistance de votre Nishikigoi.<\/p>\n<p><strong>Lactoferrine (bact\u00e9rie lactique Lactobacillus)<\/strong><br \/>Poss\u00e8de des propri\u00e9t\u00e9s probiotiques pour une meilleure r\u00e9sistance aux maladies et aux infections. Cette bact\u00e9rie lactique survit largement au passage dans le tractus gastro-intestinal et a un effet favorable sur la flore intestinale.<\/p>\n<p><strong>Argile montmorillonite<\/strong><br \/>L&rsquo;argile montmorillonite calcique est appel\u00e9e Terramin en tant qu&rsquo;argile comestible. Elle est \u00e9galement connue sous le nom d'\u00a0\u00bbargile vivante\u00a0\u00bb car elle se compose principalement de min\u00e9raux qui augmentent la production d&rsquo;enzymes dans tous les organismes vivants. Des recherches men\u00e9es par d&rsquo;\u00e9minents scientifiques d&rsquo;universit\u00e9s renomm\u00e9es montrent \u00e9galement la contribution positive au b\u00e9tail. Le d\u00e9partement am\u00e9ricain de la p\u00eache et de la faune sauvage a men\u00e9 des recherches lorsqu&rsquo;il a \u00e9t\u00e9 appliqu\u00e9 \u00e0 la truite, et les r\u00e9sultats sont \u00e9galement positifs.<\/p>\n<p><strong>Phosphore<\/strong><br \/>Doit toujours \u00eatre pr\u00e9sent dans l&rsquo;alimentation des ko\u00efs, car un manque de phosphore peut entra\u00eener une croissance tordue de la colonne vert\u00e9brale.<\/p>\n<p><strong>Vitamine A<\/strong><br \/>Pour une bonne croissance et une bonne vue.<\/p>\n<p><strong>Vitamine B1<\/strong><br \/>Obtient de l&rsquo;\u00e9nergie \u00e0 partir des hydrates de carbone.<\/p>\n<p><strong>Vitamine B2<\/strong><br \/>La vitamine B2 ou Riboflavine est la vitamine du stress. Cela permet au ko\u00ef de mieux g\u00e9rer les situations qui peuvent \u00eatre source de stress. Favorise \u00e9galement le d\u00e9veloppement des muscles et des muqueuses.<\/p>\n<p><strong>Vitamine B6<\/strong><br \/>La vitamine B6 ou pyridoxine, associ\u00e9e aux vitamines B11 et B12, assure l&rsquo;absorption du fer par l&rsquo;organisme et cette vitamine participe \u00e0 la formation des globules rouges. Ces trois vitamines assurent \u00e9galement le bon fonctionnement du syst\u00e8me nerveux et interviennent dans le m\u00e9tabolisme des acides amin\u00e9s.<\/p>\n<p><strong>Vitamine B12<\/strong><br \/>Voir la vitamine B6.<br \/>La vitamine B12 ou Cobalamine, associ\u00e9e aux vitamines B6 et B11, assure l&rsquo;absorption du fer par l&rsquo;organisme et participe \u00e0 la formation des globules rouges. Une carence en ces vitamines peut entra\u00eener une an\u00e9mie. Ces trois vitamines assurent \u00e9galement le bon fonctionnement du syst\u00e8me nerveux et interviennent dans le m\u00e9tabolisme des acides amin\u00e9s.<\/p>\n<p><strong>Vitamine C<\/strong><br \/>La vitamine C a un large \u00e9ventail d&rsquo;effets. Il est connu de tous pour son effet positif sur la sant\u00e9. En 1928, la forme cristalline pure a \u00e9t\u00e9 isol\u00e9e pour la premi\u00e8re fois. En 1937, le Dr Albert Szent-Gyorgyi a re\u00e7u le prix Nobel pour cela.  Le nom officiel de la vitamine C est acidum ascorbicum, qui signifie anti-corbidit\u00e9. Pour renforcer le squelette, am\u00e9liore la r\u00e9sistance de votre Nishikigoi.<\/p>\n<p><strong>Vitamine D<\/strong><br \/>Important pour la croissance du squelette.<\/p>\n<p><strong>Vitamine E<\/strong><br \/>Est n\u00e9cessaire \u00e0 la formation des globules rouges et \u00e0 la construction, la r\u00e9paration et l&rsquo;entretien des muscles et autres tissus.<\/p>\n<p><strong>Vitamine K<\/strong><br \/>Favorise la coagulation du sang apr\u00e8s une blessure.<\/p>\n<p><strong>Choline<\/strong><br \/>Il est n\u00e9cessaire \u00e0 la digestion des graisses.<\/p>\n<p><strong>Valeurs IE et IU<\/strong><br \/>Au niveau international, on s&rsquo;est mis d&rsquo;accord sur un terme pour l&rsquo;unit\u00e9 qui est mille fois plus petit qu&rsquo;un millioni\u00e8me.<\/p>\n<p>IE : unit\u00e9 internationale (milli\u00e8mes de milligramme par kilogramme)<br \/>UI : Unit\u00e9 internationale (milli\u00e8me de milligramme par kilogramme)<br \/>UI\/kg : Un milli\u00e8me de ppm. (un milliardi\u00e8me de kilo)<br \/>ppm : partie par million (un milli\u00e8me de milligramme par kilogramme)<br \/>Probiotiques<br \/>Les probiotiques sont des ingr\u00e9dients alimentaires vivants et microbiens qui ont un effet positif sur la sant\u00e9 du Nishikigoi.<\/p>\n<p><strong>Immunostimulants<\/strong><br \/>Les immunostimulants contenus dans nos aliments contribuent \u00e0 l&rsquo;am\u00e9lioration du syst\u00e8me immunitaire du Nishikigoi.<\/p>\n<p><strong>Une arme relativement propre dans la lutte contre les infections<\/strong><br \/>Des recherches ont montr\u00e9 que les b\u00eata-glucanes sont capables d&rsquo;activer s\u00e9lectivement les macrophages. Contrairement aux antibiotiques, cela nous donne une arme relativement propre dans la lutte contre les infections. Les b\u00eata-glucanes du poisson sont plus efficaces dans le tractus gastro-intestinal, ce qui est une bonne chose pour nous, car c&rsquo;est l\u00e0 que la plupart des agents pathog\u00e8nes p\u00e9n\u00e8trent dans l&rsquo;organisme.<\/p>\n<p><strong>Effet direct sur le tractus gastro-intestinal<\/strong><br \/>Outre les b\u00eata-glucanes, nos aliments contiennent \u00e9galement des nucl\u00e9otides (les \u00e9l\u00e9ments constitutifs de l&rsquo;ADN, ndlr), qui ont un effet direct de renforcement sur les cellules (ent\u00e9rocytes) de la paroi intestinale. Dans le tractus intestinal, ces ent\u00e9rocytes constituent la principale barri\u00e8re entre le monde ext\u00e9rieur et le milieu interne. Cependant, de par leur fonction, ils sont soumis \u00e0 une forte usure, d&rsquo;o\u00f9 la n\u00e9cessit\u00e9 d&rsquo;une division fr\u00e9quente des ent\u00e9rocytes. Pour cela, ils doivent produire de grandes quantit\u00e9s d&rsquo;ADN en utilisant, entre autres, les nucl\u00e9otides pr\u00e9sents dans l&rsquo;alimentation. L&rsquo;ajout de nucl\u00e9otides \u00e0 l&rsquo;alimentation a donc un effet b\u00e9n\u00e9fique sur la sant\u00e9.<\/p>\n<p><strong>Am\u00e9lioration de la peau et cicatrisation des plaies<\/strong><br \/>Nous croyons \u00e9galement beaucoup \u00e0 la combinaison de ces immunostimulants avec la vitamine C. Cette vitamine agit comme un carburant pour les cellules immunitaires. Ainsi, alors que les b\u00eata-glucanes stimulent les macrophages, la vitamine C les maintient en bon \u00e9tat. Outre le syst\u00e8me immunitaire, l&rsquo;\u00e9tat de la peau peut \u00e9galement \u00eatre am\u00e9lior\u00e9. Par exemple, la cicatrisation des plaies est fortement stimul\u00e9e. Les couleurs et les motifs sont dans une large mesure d\u00e9termin\u00e9s g\u00e9n\u00e9tiquement. Mais pour que celles-ci se d\u00e9veloppent en combinaisons de couleurs ad\u00e9quates, un poisson doit \u00eatre capable d&rsquo;absorber les pigments de couleur ad\u00e9quats et suffisants. Nous utilisons \u00e0 cet effet des pigments naturels jaunes et rouges. En particulier, l&rsquo;astaxanthine (un pigment rouge tr\u00e8s efficace pour les poissons) joue ici un r\u00f4le important.<\/p>\n<p><strong>Macronutriments<\/strong><br \/>La plupart des aliments sont des produits complexes et consistent en un m\u00e9lange de diff\u00e9rents composants. Ainsi, les macronutriments sont une source d&rsquo;\u00e9nergie et des mat\u00e9riaux de construction, n\u00e9cessaires \u00e0 la croissance et \u00e0 l&rsquo;entretien du corps du Nishikigoi. Les macronutriments de l&rsquo;alimentation des poissons pour leurs besoins de croissance, d&rsquo;\u00e9nergie et d&rsquo;entretien sont constitu\u00e9s de prot\u00e9ines, de graisses et de glucides. Les prot\u00e9ines v\u00e9g\u00e9tales de soja, de ma\u00efs et de bl\u00e9 sont de haute qualit\u00e9, et bien s\u00fbr la farine de poisson blanc et le krill pour l&rsquo;\u00e9quilibre et la bonne app\u00e9tence. Graisse : Une combinaison d&rsquo;huile de poisson pour les acides gras om\u00e9ga-3 et d&rsquo;huiles v\u00e9g\u00e9tales de soja et de colza. Glucides : Les amidons du bl\u00e9 et du ma\u00efs sont d\u00e9compos\u00e9s (g\u00e9latinis\u00e9s) par le processus d&rsquo;extrusion et sont donc hautement digestibles.<\/p>\n<p>Les micronutriments sont les nutriments dont l&rsquo;organisme n&rsquo;a besoin qu&rsquo;en petites quantit\u00e9s, tels que les vitamines, les min\u00e9raux et les oligo-\u00e9l\u00e9ments. Les micronutriments sont n\u00e9cessaires au bon fonctionnement des processus corporels. D&rsquo;autres substances sans valeur nutritionnelle (fibres alimentaires, antioxydants, ) sont \u00e9galement n\u00e9cessaires pour maintenir le Nishikigoi dans un \u00e9tat optimal. Pour rester en bonne sant\u00e9, le Nishigikoi a besoin de tous ces diff\u00e9rents nutriments.<\/p>\n<p>[\/et_pb_text][\/et_pb_column][\/et_pb_row][\/et_pb_section]<\/p>\n","protected":false},"excerpt":{"rendered":"<p>[et_pb_section fb_built=\u00a0\u00bb1&Prime; _builder_version=\u00a0\u00bb3.22&Prime;][et_pb_row _builder_version=\u00a0\u00bb3.25&Prime; background_size=\u00a0\u00bbinitial\u00a0\u00bb background_position=\u00a0\u00bbtop_left\u00a0\u00bb background_repeat=\u00a0\u00bbrepeat\u00a0\u00bb][et_pb_column type=\u00a0\u00bb4_4&Prime; _builder_version=\u00a0\u00bb3.25&Prime; custom_padding=\u00a0\u00bb|||\u00a0\u00bb custom_padding__hover=\u00a0\u00bb|||\u00a0\u00bb][et_pb_text _builder_version=\u00a0\u00bb4.9.7&Prime; background_size=\u00a0\u00bbinitial\u00a0\u00bb background_position=\u00a0\u00bbtop_left\u00a0\u00bb background_repeat=\u00a0\u00bbrepeat\u00a0\u00bb text_orientation=\u00a0\u00bbleft\u00a0\u00bb] House Of Kata Feeds Pourquoi les flux de House of Kata sont de haute qualit\u00e9. Vous avez soigneusement s\u00e9lectionn\u00e9 vos poissons pour une certaine esp\u00e8ce, un certain motif de couleur et\/ou une certaine taille. Et dans votre bassin, vos [&hellip;]<\/p>\n","protected":false},"author":1,"featured_media":0,"parent":0,"menu_order":0,"comment_status":"closed","ping_status":"closed","template":"","meta":{"_et_pb_use_builder":"on","_et_pb_old_content":"","_et_gb_content_width":"","footnotes":""},"class_list":["post-1686","page","type-page","status-publish","hentry"],"_links":{"self":[{"href":"https:\/\/www.houseofkata.com\/fr\/wp-json\/wp\/v2\/pages\/1686","targetHints":{"allow":["GET"]}}],"collection":[{"href":"https:\/\/www.houseofkata.com\/fr\/wp-json\/wp\/v2\/pages"}],"about":[{"href":"https:\/\/www.houseofkata.com\/fr\/wp-json\/wp\/v2\/types\/page"}],"author":[{"embeddable":true,"href":"https:\/\/www.houseofkata.com\/fr\/wp-json\/wp\/v2\/users\/1"}],"replies":[{"embeddable":true,"href":"https:\/\/www.houseofkata.com\/fr\/wp-json\/wp\/v2\/comments?post=1686"}],"version-history":[{"count":0,"href":"https:\/\/www.houseofkata.com\/fr\/wp-json\/wp\/v2\/pages\/1686\/revisions"}],"wp:attachment":[{"href":"https:\/\/www.houseofkata.com\/fr\/wp-json\/wp\/v2\/media?parent=1686"}],"curies":[{"name":"wp","href":"https:\/\/api.w.org\/{rel}","templated":true}]}}