{"id":2009,"date":"2021-08-09T10:30:38","date_gmt":"2021-08-09T10:30:38","guid":{"rendered":"https:\/\/www.houseofkata.com\/cookieverklaring\/"},"modified":"2021-08-09T10:57:25","modified_gmt":"2021-08-09T10:57:25","slug":"cookieverklaring","status":"publish","type":"page","link":"https:\/\/www.houseofkata.com\/fr\/cookieverklaring\/","title":{"rendered":"D\u00e9claration sur les cookies"},"content":{"rendered":"<p>[et_pb_section fb_built=\u00a0\u00bb1&Prime; _builder_version=\u00a0\u00bb3.22&Prime;][et_pb_row _builder_version=\u00a0\u00bb3.25&Prime; background_size=\u00a0\u00bbinitial\u00a0\u00bb background_position=\u00a0\u00bbtop_left\u00a0\u00bb background_repeat=\u00a0\u00bbrepeat\u00a0\u00bb][et_pb_column type=\u00a0\u00bb4_4&Prime; _builder_version=\u00a0\u00bb3.25&Prime; custom_padding=\u00a0\u00bb|||\u00a0\u00bb custom_padding__hover=\u00a0\u00bb|||\u00a0\u00bb][et_pb_text _builder_version=\u00a0\u00bb4.9.7&Prime; background_size=\u00a0\u00bbinitial\u00a0\u00bb background_position=\u00a0\u00bbtop_left\u00a0\u00bb background_repeat=\u00a0\u00bbrepeat\u00a0\u00bb text_orientation=\u00a0\u00bbleft\u00a0\u00bb hover_enabled=\u00a0\u00bb0&Prime; sticky_enabled=\u00a0\u00bb0&Prime;]<\/p>\n<h1>D\u00e9claration de cookie<\/h1>\n<h3>1. L&rsquo;utilisation des cookies<\/h3>\n<p>www.houseofkata.com fait usage de cookies. Un cookie est un simple petit fichier qui est envoy\u00e9 avec les pages de ce site web et\/ou les applications Flash et stock\u00e9 par votre navigateur sur le disque dur de votre ordinateur, t\u00e9l\u00e9phone mobile, smartwatch ou tablette. Les informations qui y sont stock\u00e9es peuvent \u00eatre renvoy\u00e9es vers nos serveurs lors de votre prochaine visite.<\/p>\n<p>L&rsquo;utilisation de cookies est tr\u00e8s importante pour le bon fonctionnement de notre site web, mais aussi des cookies dont vous ne voyez pas imm\u00e9diatement l&rsquo;effet. Gr\u00e2ce \u00e0 la contribution (anonyme) des visiteurs, nous pouvons am\u00e9liorer l&rsquo;utilisation du site web et le rendre plus convivial.<\/p>\n<h3>2. Consentement \u00e0 l&rsquo;utilisation de cookies<\/h3>\n<p>.<\/p>\n<p>Pour l&rsquo;utilisation de certains cookies, votre consentement est requis. Nous le faisons par le biais de ce que l&rsquo;on appelle une banni\u00e8re de cookies.<\/p>\n<h3>3. Les types de cookies utilis\u00e9s et leurs finalit\u00e9s<\/h3>\n<p>.<\/p>\n<p>Nous utilisons les types de cookies suivants:<\/p>\n<p>.<\/p>\n<ul>\n<li>Cookies fonctionnels : ils permettent au site web de mieux fonctionner et sont plus conviviaux pour le visiteur. Par exemple : nous enregistrons vos donn\u00e9es de connexion ou ce que vous mettez dans votre panier.<\/li>\n<li>Cookies analytiques : ils font en sorte que chaque fois que vous visitez un site web, un cookie anonyme est g\u00e9n\u00e9r\u00e9. Ces cookies savent si vous avez d\u00e9j\u00e0 visit\u00e9 le site ou non. Un cookie n&rsquo;est g\u00e9n\u00e9r\u00e9 que lors de la premi\u00e8re visite. Lors des visites suivantes, le cookie existant est utilis\u00e9. Ce cookie est utilis\u00e9 uniquement \u00e0 des fins statistiques.    Il permet de collecter les donn\u00e9es suivantes :<br \/>\n&#8211; le nombre de visiteurs uniques<br \/>\n&#8211; la fr\u00e9quence \u00e0 laquelle les utilisateurs visitent le site<br \/>\n&#8211; les pages consult\u00e9es par les utilisateurs<br \/>\n&#8211; La dur\u00e9e de consultation d&rsquo;une page particuli\u00e8re par les utilisateurs<br \/>\n&#8211; Sur quelle page les visiteurs quittent le site<\/li>\n<p>.                                                                                                                          <\/p>\n<li>Cookies de suivi propres : ils nous permettent de savoir que, en plus de notre site web, vous avez visit\u00e9 le ou les autres sites web correspondants de notre r\u00e9seau. Le profil ainsi \u00e9tabli n&rsquo;est pas li\u00e9 \u00e0 votre nom, \u00e0 votre adresse, \u00e0 votre adresse \u00e9lectronique, etc., mais est uniquement utilis\u00e9 pour adapter les publicit\u00e9s \u00e0 votre profil afin qu&rsquo;elles soient aussi pertinentes que possible pour vous. Nous vous demandons votre autorisation pour ces cookies. Sans votre autorisation, ces cookies ne seront pas plac\u00e9s.<\/li>\n<li>Cookies de suivi d&rsquo;autres personnes : ils permettent de savoir quelles pages vous visitez sur Internet afin d&rsquo;\u00e9tablir votre profil personnel. Ce profil n&rsquo;est pas li\u00e9 \u00e0 votre nom, \u00e0 votre adresse, \u00e0 votre adresse de courrier \u00e9lectronique et \u00e0 d&rsquo;autres donn\u00e9es similaires dont nous avons connaissance, mais il est uniquement utilis\u00e9 pour adapter les publicit\u00e9s \u00e0 votre profil afin qu&rsquo;elles soient aussi pertinentes que possible pour vous. Nous vous demandons votre autorisation pour ces cookies. Sans votre autorisation, ces cookies ne seront pas plac\u00e9s.<\/li>\n<li>Cookies li\u00e9s aux m\u00e9dias sociaux : ils enregistrent les articles et les pages que vous partagez via leurs boutons de partage de m\u00e9dias sociaux, tels que Facebook et LinkedIn. Ils peuvent \u00e9galement contenir des cookies de suivi qui suivent votre comportement de navigation sur le web.<\/li>\n<li>Cookies d&rsquo;am\u00e9lioration du site : il s&rsquo;agit de cookies qui enregistrent les articles et les pages que vous partagez via leurs boutons de partage de m\u00e9dias sociaux.<\/li>\n<li>Cookies d&rsquo;am\u00e9lioration du site : ils nous permettent de tester diff\u00e9rentes versions d&rsquo;une page web pour voir laquelle obtient le plus de visites.<\/li>\n<h3>4. Vos droits concernant vos donn\u00e9es<\/h3>\n<p>Vous disposez d&rsquo;un droit d&rsquo;acc\u00e8s, de rectification, de limitation et de suppression des donn\u00e9es personnelles. En outre, vous avez le droit de vous opposer au traitement des donn\u00e9es \u00e0 caract\u00e8re personnel et le droit \u00e0 la portabilit\u00e9 des donn\u00e9es. Vous pouvez exercer ces droits en nous envoyant un courrier \u00e9lectronique \u00e0 l&rsquo;adresse info@houseofkata.com. Pour \u00e9viter toute utilisation abusive, nous pouvons vous demander de vous identifier de mani\u00e8re ad\u00e9quate. Lorsqu&rsquo;il s&rsquo;agit d&rsquo;acc\u00e9der \u00e0 des donn\u00e9es personnelles li\u00e9es \u00e0 un cookie, nous vous demandons d&rsquo;envoyer une copie du cookie en question. Vous pouvez trouver cela dans les param\u00e8tres de votre navigateur.<\/p>\n<h3>5. Blocage et suppression des cookies<\/h3>\n<p>.<\/p>\n<p>Vous pouvez toujours bloquer et supprimer facilement les cookies vous-m\u00eame via votre navigateur internet. Vous pouvez \u00e9galement configurer votre navigateur Internet de mani\u00e8re \u00e0 recevoir un message lorsqu&rsquo;un cookie est plac\u00e9. Vous pouvez \u00e9galement indiquer que certains cookies ne doivent pas \u00eatre plac\u00e9s. Pour cette option, veuillez consulter la fonction d&rsquo;aide de votre navigateur. La suppression des cookies dans votre navigateur peut avoir des cons\u00e9quences sur l&rsquo;utilisation agr\u00e9able de ce site web.<\/p>\n<p>Certains cookies de suivi sont plac\u00e9s par des tiers qui, entre autres, vous montrent des publicit\u00e9s par le biais de notre site web. Vous pouvez supprimer ces cookies de mani\u00e8re centralis\u00e9e sur www.youronlinechoices.eu.<\/p>\n<p>Veuillez noter que si vous ne voulez pas de cookies, nous ne pouvons plus garantir le bon fonctionnement de notre site Web. Il est possible que certaines fonctions du site soient perdues ou que vous ne puissiez pas du tout visiter le site. En outre, le fait de refuser les cookies ne signifie pas que vous ne verrez aucune publicit\u00e9. C&rsquo;est juste que les publicit\u00e9s ne seront plus adapt\u00e9es \u00e0 vos centres d&rsquo;int\u00e9r\u00eat et risquent donc d&rsquo;\u00eatre r\u00e9p\u00e9t\u00e9es plus souvent.<\/p>\n<p>La fa\u00e7on dont vous pouvez ajuster vos param\u00e8tres diff\u00e8re selon le navigateur. Si n\u00e9cessaire, consultez la fonction d&rsquo;aide de votre navigateur, ou cliquez sur l&rsquo;une des ic\u00f4nes ci-dessous pour acc\u00e9der directement au manuel de votre navigateur.<br \/>\n&#8211; Firefox : https:\/\/support.mozilla.org\/nl\/kb\/cookies-verwijderen-gegevens-wissen-websites-opgeslagen<br \/>\n&#8211; Google Chrome : https:\/\/support.google.com\/chrome\/answer\/95647?co=GENIE.Platform=Desktop&amp;hl=fr<br \/>\n&#8211; Internet Explorer : https:\/\/support.microsoft.com\/nl-nl\/kb\/278835<br \/>\n&#8211; Safari : https:\/\/support.apple.com\/kb\/ph21411?locale=nl_NL<\/p>\n<h3>6. Nouveaux d\u00e9veloppements et cookies impr\u00e9vus<\/h3>\n<p>Les textes de notre site web peuvent \u00eatre adapt\u00e9s \u00e0 tout moment en raison des \u00e9volutions en cours. Ceci s&rsquo;applique \u00e9galement \u00e0 notre d\u00e9claration sur les cookies. Par cons\u00e9quent, veuillez lire r\u00e9guli\u00e8rement cette d\u00e9claration afin de rester inform\u00e9 de tout changement.<\/p>\n<p>Dans les articles du blog, il peut \u00eatre fait usage de contenus h\u00e9berg\u00e9s sur d&rsquo;autres sites et rendus accessibles sur www.houseofkata.com au moyen de certains codes (contenus int\u00e9gr\u00e9s). Pensez par exemple aux vid\u00e9os YouTube. Ces codes font souvent appel \u00e0 des cookies. Toutefois, nous n&rsquo;avons aucun contr\u00f4le sur ce que ces tiers font avec leurs cookies.<\/p>\n<p>Il est \u00e9galement possible que des cookies soient plac\u00e9s sur nos sites web par d&rsquo;autres, dont nous ne sommes pas toujours conscients. Vous rencontrez sur notre site des cookies impr\u00e9vus que vous ne trouvez pas dans notre aper\u00e7u ? Veuillez nous le faire savoir \u00e0 l&rsquo;adresse info@houseofkata.com. Vous pouvez \u00e9galement contacter directement le tiers et lui demander quels sont les cookies qu&rsquo;il place, la raison pour laquelle il le fait, la dur\u00e9e de vie du cookie et comment il a garanti votre vie priv\u00e9e.<\/p>\n<h3>7. Remarques finales<\/h3>\n<p>Nous devrons modifier ces d\u00e9clarations de temps \u00e0 autre, par exemple lorsque nous mettons \u00e0 jour notre site web ou que nous modifions les r\u00e8gles relatives aux cookies. Vous pouvez consulter cette page web pour obtenir la derni\u00e8re version.<\/p>\n<p>.   <\/p>\n<p>Si vous avez des questions et\/ou des remarques, veuillez contacter info@houseofkata.com.<\/p>\n<p>Ao\u00fbt 2021<\/p>\n<p>[\/et_pb_text][\/et_pb_column][\/et_pb_row][\/et_pb_section]<\/p>\n","protected":false},"excerpt":{"rendered":"<p>[et_pb_section fb_built=\u00a0\u00bb1&Prime; _builder_version=\u00a0\u00bb3.22&Prime;][et_pb_row _builder_version=\u00a0\u00bb3.25&Prime; background_size=\u00a0\u00bbinitial\u00a0\u00bb background_position=\u00a0\u00bbtop_left\u00a0\u00bb background_repeat=\u00a0\u00bbrepeat\u00a0\u00bb][et_pb_column type=\u00a0\u00bb4_4&Prime; _builder_version=\u00a0\u00bb3.25&Prime; custom_padding=\u00a0\u00bb|||\u00a0\u00bb custom_padding__hover=\u00a0\u00bb|||\u00a0\u00bb][et_pb_text _builder_version=\u00a0\u00bb4.9.7&Prime; background_size=\u00a0\u00bbinitial\u00a0\u00bb background_position=\u00a0\u00bbtop_left\u00a0\u00bb background_repeat=\u00a0\u00bbrepeat\u00a0\u00bb text_orientation=\u00a0\u00bbleft\u00a0\u00bb hover_enabled=\u00a0\u00bb0&Prime; sticky_enabled=\u00a0\u00bb0&Prime;] D\u00e9claration de cookie 1. L&rsquo;utilisation des cookies www.houseofkata.com fait usage de cookies. Un cookie est un simple petit fichier qui est envoy\u00e9 avec les pages de ce site web et\/ou les applications Flash et stock\u00e9 par votre [&hellip;]<\/p>\n","protected":false},"author":1,"featured_media":0,"parent":0,"menu_order":0,"comment_status":"closed","ping_status":"closed","template":"","meta":{"_et_pb_use_builder":"on","_et_pb_old_content":"","_et_gb_content_width":"","footnotes":""},"class_list":["post-2009","page","type-page","status-publish","hentry"],"_links":{"self":[{"href":"https:\/\/www.houseofkata.com\/fr\/wp-json\/wp\/v2\/pages\/2009","targetHints":{"allow":["GET"]}}],"collection":[{"href":"https:\/\/www.houseofkata.com\/fr\/wp-json\/wp\/v2\/pages"}],"about":[{"href":"https:\/\/www.houseofkata.com\/fr\/wp-json\/wp\/v2\/types\/page"}],"author":[{"embeddable":true,"href":"https:\/\/www.houseofkata.com\/fr\/wp-json\/wp\/v2\/users\/1"}],"replies":[{"embeddable":true,"href":"https:\/\/www.houseofkata.com\/fr\/wp-json\/wp\/v2\/comments?post=2009"}],"version-history":[{"count":0,"href":"https:\/\/www.houseofkata.com\/fr\/wp-json\/wp\/v2\/pages\/2009\/revisions"}],"wp:attachment":[{"href":"https:\/\/www.houseofkata.com\/fr\/wp-json\/wp\/v2\/media?parent=2009"}],"curies":[{"name":"wp","href":"https:\/\/api.w.org\/{rel}","templated":true}]}}