{"id":2025,"date":"2021-08-09T10:24:58","date_gmt":"2021-08-09T10:24:58","guid":{"rendered":"https:\/\/www.houseofkata.com\/privacyverklaring\/"},"modified":"2021-08-09T11:51:55","modified_gmt":"2021-08-09T11:51:55","slug":"privacyverklaring","status":"publish","type":"page","link":"https:\/\/www.houseofkata.com\/fr\/privacyverklaring\/","title":{"rendered":"D\u00e9claration de confidentialit\u00e9"},"content":{"rendered":"<p>[et_pb_section fb_built=\u00a0\u00bb1&Prime; _builder_version=\u00a0\u00bb3.22&Prime;][et_pb_row _builder_version=\u00a0\u00bb3.25&Prime; background_size=\u00a0\u00bbinitial\u00a0\u00bb background_position=\u00a0\u00bbtop_left\u00a0\u00bb background_repeat=\u00a0\u00bbrepeat\u00a0\u00bb][et_pb_column type=\u00a0\u00bb4_4&Prime; _builder_version=\u00a0\u00bb3.25&Prime; custom_padding=\u00a0\u00bb|||\u00a0\u00bb custom_padding__hover=\u00a0\u00bb|||\u00a0\u00bb][et_pb_text _builder_version=\u00a0\u00bb4.9.7&Prime; background_size=\u00a0\u00bbinitial\u00a0\u00bb background_position=\u00a0\u00bbtop_left\u00a0\u00bb background_repeat=\u00a0\u00bbrepeat\u00a0\u00bb text_orientation=\u00a0\u00bbleft\u00a0\u00bb hover_enabled=\u00a0\u00bb0&Prime; sticky_enabled=\u00a0\u00bb0&Prime;]<\/p>\n<h1>D\u00e9claration de confidentialit\u00e9<\/h1>\n<p>House of Kata respecte la vie priv\u00e9e des visiteurs de son site web, et en particulier les droits des visiteurs en mati\u00e8re de traitement automatis\u00e9 des donn\u00e9es \u00e0 caract\u00e8re personnel. Par cons\u00e9quent, afin d&rsquo;\u00eatre totalement transparents avec nos clients, nous avons formul\u00e9 et mis en \u0153uvre une politique concernant ces traitements eux-m\u00eames, leur finalit\u00e9 et les possibilit\u00e9s pour les personnes concern\u00e9es d&rsquo;exercer leurs droits de la meilleure fa\u00e7on possible.<\/p>\n<p>Pour toute information compl\u00e9mentaire sur la protection des donn\u00e9es personnelles, veuillez consulter le site de l&rsquo;Autorit\u00e9 de protection des donn\u00e9es personnelles : https:\/\/autoriteitpersoonsgegevens.nl\/nl.<\/p>\n<p>.<\/p>\n<p>Jusqu&rsquo;\u00e0 ce que vous acceptiez l&rsquo;utilisation de cookies et d&rsquo;autres syst\u00e8mes de suivi sur le site web, nous ne placerons pas de cookies analytiques et\/ou de cookies de suivi sur votre ordinateur, votre t\u00e9l\u00e9phone mobile ou votre tablette.<br \/>\nEn continuant \u00e0 visiter ce site web, vous acceptez les conditions d&rsquo;utilisation suivantes.<\/p>\n<p>.  <\/p>\n<p>La version actuelle de la politique de confidentialit\u00e9 disponible sur le site web est la seule version qui s&rsquo;applique tant que vous visitez le site web, jusqu&rsquo;\u00e0 ce qu&rsquo;une nouvelle version remplace la version actuelle.<\/p>\n<h3>Article 1 &#8211; Dispositions juridiques<\/h3>\n<p>.<\/p>\n<p>1.\tSite web (ci-apr\u00e8s \u00e9galement d\u00e9nomm\u00e9 \u00ab\u00a0le site web\u00a0\u00bb) : houseofkata.com<br \/>\n2.\tContr\u00f4leur du traitement des donn\u00e9es \u00e0 caract\u00e8re personnel (ci-apr\u00e8s \u00e9galement \u00a0\u00bb le contr\u00f4leur \u00ab\u00a0) : House of Kata \u00e9tabli \u00e0 Vijfsprongweg 1A, 6733 JH Wekerom, num\u00e9ro kvk : 09149840.<\/p>\n<p>.<\/p>\n<h3>Article 2 &#8211; Acc\u00e8s au site web<\/h3>\n<p>.<\/p>\n<p>&#8211; L&rsquo;acc\u00e8s au site et son utilisation sont strictement personnels. Vous n&rsquo;utiliserez pas ce site web et les donn\u00e9es et informations qui y sont fournies \u00e0 des fins commerciales, politiques ou publicitaires, ou pour toute offre commerciale, et en particulier vous ne l&rsquo;utiliserez pas pour toute offre \u00e9lectronique non sollicit\u00e9e.<\/p>\n<h3>Article 3 &#8211; Le contenu du site web<\/h3>\n<p>.  <\/p>\n<p>&#8211; Toutes les marques, images, textes, commentaires, illustrations, photos (anim\u00e9es), images vid\u00e9o, sons, ainsi que toutes les applications techniques permettant de faire fonctionner le site et, plus g\u00e9n\u00e9ralement, tous les \u00e9l\u00e9ments utilis\u00e9s sur ce site, sont prot\u00e9g\u00e9s par des droits de propri\u00e9t\u00e9 intellectuelle. Toute reproduction, r\u00e9p\u00e9tition, utilisation ou adaptation, de quelque mani\u00e8re que ce soit, de tout ou partie du site, y compris les applications techniques, sans l&rsquo;accord pr\u00e9alable et \u00e9crit du gestionnaire, est strictement interdite. Si le gestionnaire ne prend pas de mesures imm\u00e9diates contre toute infraction, cela ne peut pas \u00eatre interpr\u00e9t\u00e9 comme un consentement tacite ou comme une renonciation \u00e0 une action en justice.<\/p>\n<p>.<\/p>\n<h3>Article 4 &#8211; La gestion du site web<\/h3>\n<p>.<\/p>\n<p>&#8211; Pour la bonne gestion du site internet, l&rsquo;administrateur peut \u00e0 tout moment .<br \/>\n&#8211; suspendre, interrompre ou limiter l&rsquo;acc\u00e8s \u00e0 tout ou partie du site web \u00e0 une cat\u00e9gorie particuli\u00e8re de visiteurs<br \/>\n&#8211; supprimer toute information susceptible de perturber le fonctionnement du site web ou de constituer une infraction \u00e0 la l\u00e9gislation nationale ou internationale ou \u00e0 l&rsquo;\u00e9tiquette de l&rsquo;Internet<br \/>\n&#8211; rendre le site web temporairement indisponible pour effectuer des mises \u00e0 jour<\/p>\n<p>. <\/p>\n<h3>Article 5 &#8211; Responsabilit\u00e9s<\/h3>\n<p>&#8211; L&rsquo;administrateur n&rsquo;est en aucun cas responsable des d\u00e9faillances, pannes, difficult\u00e9s ou interruptions du fonctionnement du site internet, en raison desquelles le site ou l&rsquo;une de ses fonctionnalit\u00e9s n&rsquo;est pas accessible. La mani\u00e8re dont vous vous connectez au site web rel\u00e8ve de votre propre responsabilit\u00e9. Il vous incombe de prendre toutes les mesures appropri\u00e9es pour prot\u00e9ger votre \u00e9quipement et vos donn\u00e9es contre, entre autres, les attaques de virus sur Internet. Vous \u00eates \u00e9galement responsable des sites et des donn\u00e9es que vous consultez sur l&rsquo;internet.<br \/>\n&#8211; L&rsquo;administrateur n&rsquo;est pas responsable des proc\u00e9dures judiciaires qui pourraient \u00eatre engag\u00e9es contre vous :<br \/>\n&#8211; en raison de l&rsquo;utilisation du site web ou des services accessibles via Internet<br \/>\n&#8211; en raison de la violation des conditions de la pr\u00e9sente politique de confidentialit\u00e9<br \/>\n&#8211; L&rsquo;administrateur n&rsquo;est pas responsable des dommages que vous subissez vous-m\u00eame, ou que des tiers ou votre \u00e9quipement subissent, \u00e0 la suite de votre connexion au site web ou de son utilisation. Vous vous abstiendrez de toute action contre l&rsquo;administrateur en cons\u00e9quence.<br \/>\n&#8211; Si l&rsquo;administrateur est impliqu\u00e9 dans un litige r\u00e9sultant de votre utilisation de ce site web, il a le droit de r\u00e9cup\u00e9rer aupr\u00e8s de vous tous les dommages qu&rsquo;il a subis et qu&rsquo;il subira de ce fait.<\/p>\n<h3>Article 6 &#8211; Collecte des donn\u00e9es<\/h3>\n<p>.<\/p>\n<p>&#8211; Vos donn\u00e9es seront collect\u00e9es par House of Kata et par un (des) sous-traitant(s) externe(s). Donn\u00e9es \u00e0 caract\u00e8re personnel : toute information concernant une personne physique identifi\u00e9e ou identifiable ; est r\u00e9put\u00e9e identifiable une personne qui peut \u00eatre identifi\u00e9e, directement ou indirectement, notamment par r\u00e9f\u00e9rence \u00e0 un identifiant tel qu&rsquo;un nom, un num\u00e9ro d&rsquo;identification, des donn\u00e9es de localisation, un identifiant en ligne ou \u00e0 un ou plusieurs \u00e9l\u00e9ments sp\u00e9cifiques de l&rsquo;identit\u00e9 physique, physiologique, g\u00e9n\u00e9tique, psychique, \u00e9conomique, culturelle ou sociale.<br \/>\n&#8211; Les donn\u00e9es personnelles collect\u00e9es sur le site sont principalement utilis\u00e9es par l&rsquo;administrateur pour entretenir des relations avec vous et, le cas \u00e9ch\u00e9ant, pour traiter vos commandes.<\/p>\n<h3>Article 7 &#8211; Vos droits concernant vos donn\u00e9es<\/h3>\n<p>.<\/p>\n<p>En vertu de l&rsquo;article 13, paragraphe 2, point b), de la LVA, toute personne a le droit d&rsquo;acc\u00e9der aux donn\u00e9es \u00e0 caract\u00e8re personnel la concernant, de les rectifier, de les effacer ou d&rsquo;en limiter le traitement, ainsi que le droit de s&rsquo;opposer au traitement et le droit \u00e0 la portabilit\u00e9 des donn\u00e9es. Vous pouvez exercer ces droits en nous contactant \u00e0 l&rsquo;adresse info@houseofkata.com.<br \/>\n&#8211; Toute demande de ce type doit \u00eatre accompagn\u00e9e d&rsquo;une copie d&rsquo;un document d&rsquo;identit\u00e9 valide, sur lequel vous avez appos\u00e9 votre signature, et de l&rsquo;adresse \u00e0 laquelle vous pouvez \u00eatre contact\u00e9. Vous recevrez une r\u00e9ponse \u00e0 votre demande dans un d\u00e9lai d&rsquo;un mois \u00e0 compter de son introduction. En fonction de la complexit\u00e9 des demandes et du nombre de demandes, ce d\u00e9lai peut \u00eatre prolong\u00e9 de 2 mois si n\u00e9cessaire.<\/p>\n<p>.<\/p>\n<h3>Article 8 &#8211; Traitement des donn\u00e9es \u00e0 caract\u00e8re personnel<\/h3>\n<p>.<\/p>\n<p>&#8211; En cas de violation d&rsquo;une loi ou d&rsquo;un r\u00e8glement, dont le visiteur est soup\u00e7onn\u00e9 et pour laquelle les autorit\u00e9s ont besoin des donn\u00e9es personnelles collect\u00e9es par l&rsquo;administrateur, celles-ci leur seront fournies apr\u00e8s une demande expresse et motiv\u00e9e de ces autorit\u00e9s, apr\u00e8s quoi ces donn\u00e9es personnelles ne seront plus couvertes par la protection des dispositions de la pr\u00e9sente d\u00e9claration de confidentialit\u00e9.<br \/>\n&#8211; Si certaines informations sont n\u00e9cessaires pour acc\u00e9der \u00e0 certaines fonctionnalit\u00e9s du site internet, le gestionnaire indiquera le caract\u00e8re obligatoire de ces informations au moment de leur demande.<\/p>\n<h3>Article 9 &#8211; Offres commerciales<\/h3>\n<p>.<\/p>\n<p>&#8211; Vous pouvez recevoir des offres commerciales de la part du gestionnaire. Si vous ne souhaitez plus les recevoir, veuillez envoyer un courrier \u00e9lectronique \u00e0 l&rsquo;adresse suivante : info@houseofkata.com.<br \/>\n&#8211; Si, au cours de votre visite du site web, vous rencontrez des donn\u00e9es personnelles, vous devez vous abstenir de les collecter ou de toute autre utilisation non autoris\u00e9e, ainsi que de tout acte portant atteinte \u00e0 la vie priv\u00e9e de la ou des personnes concern\u00e9es. L&rsquo;administrateur n&rsquo;est en aucun cas responsable dans les situations ci-dessus.<\/p>\n<p>. <\/p>\n<h3>Article 10 &#8211; Dur\u00e9e de conservation des donn\u00e9es<\/h3>\n<p>.\n<\/p>\n<p>&#8211; Les donn\u00e9es collect\u00e9es par l&rsquo;administrateur du site internet seront utilis\u00e9es et conserv\u00e9es pendant la p\u00e9riode pr\u00e9vue par la loi.<\/p>\n<h3>Article 11 &#8211; Cookies<\/h3>\n<p>.<\/p>\n<p>&#8211; Un cookie est un petit fichier texte qui est plac\u00e9 sur le disque dur de votre ordinateur lorsque vous visitez notre site web. Un cookie contient des donn\u00e9es permettant de vous reconna\u00eetre en tant que visiteur \u00e0 chaque fois que vous visitez notre site web. Il est alors possible de personnaliser notre site web pour vous et de faciliter votre connexion. Lorsque vous visitez notre site web, une banni\u00e8re appara\u00eet pour vous informer de l&rsquo;utilisation de cookies. Lorsque vous continuez \u00e0 utiliser notre site web, vous acceptez leur utilisation. Votre consentement est valable pour une p\u00e9riode de treize mois.<br \/>\n&#8211; Nous utilisons les types de cookies suivants sur notre site web :<br \/>\no Google Analytics (cookie analytique)<br \/>\nFacebook (cookie de suivi)<br \/>\no Google Adwords (cookie de suivi)<br \/>\no Cookies fonctionnels : tels que les cookies de session et de connexion pour suivre les informations de session et de connexion.<br \/>\no Cookies analytiques : pour avoir un aper\u00e7u du nombre de visiteurs de notre site web sur la base d&rsquo;informations sur le nombre de visiteurs, les pages et les sujets populaires. De cette mani\u00e8re, nous pouvons mieux adapter la communication et l&rsquo;information aux besoins des visiteurs de notre site web. Nous ne pouvons pas voir qui visite nos sites web ni \u00e0 partir de quel PC la visite a lieu.<br \/>\no Les cookies de suivi : tels que les cookies publicitaires qui sont destin\u00e9s \u00e0 montrer des publicit\u00e9s pertinentes. Les int\u00e9r\u00eats personnels peuvent \u00eatre d\u00e9duits des informations sur les sites web visit\u00e9s. Cela permet aux organisations de montrer aux visiteurs de leur site web des publicit\u00e9s cibl\u00e9es, par exemple. Les cookies de suivi permettent de cr\u00e9er des profils de personnes et de les traiter diff\u00e9remment. Les cookies de suivi impliquent g\u00e9n\u00e9ralement le traitement de donn\u00e9es \u00e0 caract\u00e8re personnel.<\/p>\n<p>Lorsque vous visitez notre site web, des cookies provenant de la partie responsable et\/ou de tiers peuvent \u00eatre install\u00e9s sur votre \u00e9quipement. Lors de votre premi\u00e8re visite sur le site, une banni\u00e8re appara\u00eetra pour vous informer de l&rsquo;utilisation de cookies. Lorsque vous continuez \u00e0 utiliser le site web, vous acceptez leur utilisation. Votre consentement est valable pour une p\u00e9riode de treize mois.<br \/>\nPour plus d&rsquo;informations sur l&rsquo;utilisation, la gestion et la suppression des cookies pour chaque mode de fonctionnement, nous vous invitons \u00e0 consulter le lien suivant : https:\/\/autoriteitpersoonsgegevens.nl\/nl\/onderwerpen\/internet-telefoon-tv-en-post\/cookies#faq<\/p>\n<p>.<\/p>\n<h3>Article 12 &#8211; Mat\u00e9riel visuel et produits propos\u00e9s<\/h3>\n<p>.\n<\/p>\n<p>&#8211; Aucun droit ne peut \u00eatre tir\u00e9 des images qui appartiennent aux produits propos\u00e9s sur le site web.<\/p>\n<h3>Article 13 &#8211; Droit applicable<\/h3>\n<p>&#8211; Les pr\u00e9sentes conditions g\u00e9n\u00e9rales sont r\u00e9gies par le droit n\u00e9erlandais. Le tribunal du lieu de r\u00e9sidence\/\u00e9tablissement de l&rsquo;administrateur est exclusivement comp\u00e9tent pour tout litige relatif aux pr\u00e9sentes conditions, sauf exception l\u00e9gale.<\/p>\n<p>. <\/p>\n<h3>Article 14 &#8211; Contact<\/h3>\n<p>&#8211; Pour toute question, information sur les produits ou sur le site web lui-m\u00eame, veuillez contacter : Gerjan Romijn, info@houseofkata.com, 0318 &#8211; 46 21 54.<\/p>\n<p>[\/et_pb_text][\/et_pb_column][\/et_pb_row][\/et_pb_section]<\/p>\n","protected":false},"excerpt":{"rendered":"<p>[et_pb_section fb_built=\u00a0\u00bb1&Prime; _builder_version=\u00a0\u00bb3.22&Prime;][et_pb_row _builder_version=\u00a0\u00bb3.25&Prime; background_size=\u00a0\u00bbinitial\u00a0\u00bb background_position=\u00a0\u00bbtop_left\u00a0\u00bb background_repeat=\u00a0\u00bbrepeat\u00a0\u00bb][et_pb_column type=\u00a0\u00bb4_4&Prime; _builder_version=\u00a0\u00bb3.25&Prime; custom_padding=\u00a0\u00bb|||\u00a0\u00bb custom_padding__hover=\u00a0\u00bb|||\u00a0\u00bb][et_pb_text _builder_version=\u00a0\u00bb4.9.7&Prime; background_size=\u00a0\u00bbinitial\u00a0\u00bb background_position=\u00a0\u00bbtop_left\u00a0\u00bb background_repeat=\u00a0\u00bbrepeat\u00a0\u00bb text_orientation=\u00a0\u00bbleft\u00a0\u00bb hover_enabled=\u00a0\u00bb0&Prime; sticky_enabled=\u00a0\u00bb0&Prime;] D\u00e9claration de confidentialit\u00e9 House of Kata respecte la vie priv\u00e9e des visiteurs de son site web, et en particulier les droits des visiteurs en mati\u00e8re de traitement automatis\u00e9 des donn\u00e9es \u00e0 caract\u00e8re personnel. Par cons\u00e9quent, afin d&rsquo;\u00eatre [&hellip;]<\/p>\n","protected":false},"author":1,"featured_media":0,"parent":0,"menu_order":0,"comment_status":"closed","ping_status":"closed","template":"","meta":{"_et_pb_use_builder":"on","_et_pb_old_content":"","_et_gb_content_width":"","footnotes":""},"class_list":["post-2025","page","type-page","status-publish","hentry"],"_links":{"self":[{"href":"https:\/\/www.houseofkata.com\/fr\/wp-json\/wp\/v2\/pages\/2025","targetHints":{"allow":["GET"]}}],"collection":[{"href":"https:\/\/www.houseofkata.com\/fr\/wp-json\/wp\/v2\/pages"}],"about":[{"href":"https:\/\/www.houseofkata.com\/fr\/wp-json\/wp\/v2\/types\/page"}],"author":[{"embeddable":true,"href":"https:\/\/www.houseofkata.com\/fr\/wp-json\/wp\/v2\/users\/1"}],"replies":[{"embeddable":true,"href":"https:\/\/www.houseofkata.com\/fr\/wp-json\/wp\/v2\/comments?post=2025"}],"version-history":[{"count":0,"href":"https:\/\/www.houseofkata.com\/fr\/wp-json\/wp\/v2\/pages\/2025\/revisions"}],"wp:attachment":[{"href":"https:\/\/www.houseofkata.com\/fr\/wp-json\/wp\/v2\/media?parent=2025"}],"curies":[{"name":"wp","href":"https:\/\/api.w.org\/{rel}","templated":true}]}}